{"id":4198,"date":"2023-05-10T09:55:56","date_gmt":"2023-05-10T09:55:56","guid":{"rendered":"https:\/\/indigorec.es\/proyectos\/tragabuches\/"},"modified":"2023-11-21T17:59:04","modified_gmt":"2023-11-21T17:59:04","slug":"tragabuches","status":"publish","type":"page","link":"https:\/\/indigorec.es\/de\/projekte\/tragabuches\/","title":{"rendered":"Tragabuches | Dani Garc\u00eda"},"content":{"rendered":"<div class=\"fusion-fullwidth fullwidth-box fusion-builder-row-1 fusion-flex-container has-pattern-background has-mask-background hundred-percent-fullwidth non-hundred-percent-height-scrolling\" style=\"--awb-border-radius-top-left:0px;--awb-border-radius-top-right:0px;--awb-border-radius-bottom-right:0px;--awb-border-radius-bottom-left:0px;--awb-padding-top:30px;--awb-padding-right:2%;--awb-padding-left:2%;--awb-flex-wrap:wrap;\" ><div class=\"fusion-builder-row fusion-row fusion-flex-align-items-flex-start fusion-flex-justify-content-center fusion-flex-content-wrap\" style=\"width:104% !important;max-width:104% !important;margin-left: calc(-4% \/ 2 );margin-right: calc(-4% \/ 2 );\"><div class=\"fusion-layout-column fusion_builder_column fusion-builder-column-0 fusion_builder_column_2_3 2_3 fusion-flex-column\" style=\"--awb-bg-size:cover;--awb-width-large:66.666666666667%;--awb-margin-top-large:0px;--awb-spacing-right-large:2.88%;--awb-margin-bottom-large:55px;--awb-spacing-left-large:2.88%;--awb-width-medium:66.666666666667%;--awb-order-medium:0;--awb-spacing-right-medium:2.88%;--awb-spacing-left-medium:2.88%;--awb-width-small:100%;--awb-order-small:0;--awb-spacing-right-small:1.92%;--awb-spacing-left-small:1.92%;\"><div class=\"fusion-column-wrapper fusion-column-has-shadow fusion-flex-justify-content-flex-start fusion-content-layout-column\"><div class=\"fusion-title title fusion-title-1 fusion-sep-none fusion-title-center fusion-title-text fusion-title-size-five\" style=\"--awb-margin-top:20px;--awb-margin-right:15px;--awb-margin-bottom:5px;--awb-margin-left:15px;--awb-font-size:17px;\"><h5 class=\"fusion-title-heading title-heading-center\" style=\"margin:0;font-size:1em;\">Tragabuches &#8211; Meet the Team &#8211; Dani Garc\u00eda<\/h5><\/div><div class=\"fusion-text fusion-text-1\" style=\"--awb-content-alignment:center;--awb-margin-right:15px;--awb-margin-left:15px;\"><p>Regie f\u00fcr die Dokumentation<\/p>\n<\/div><a class=\"fusion-modal-text-link\" href=\"#\">\n<div style=\"padding:56.25% 0 0 0;position:relative;\"><iframe src=\"https:\/\/player.vimeo.com\/video\/816832176?h=4bf046772e&#038;title=0&#038;byline=0&#038;portrait=0\" style=\"position:absolute;top:0;left:0;width:100%;height:100%;\" frameborder=\"0\" allow=\"autoplay; fullscreen; picture-in-picture\" allowfullscreen><\/iframe><\/div>\n<\/a><\/div><\/div><div class=\"fusion-layout-column fusion_builder_column fusion-builder-column-1 fusion_builder_column_1_1 1_1 fusion-flex-column\" style=\"--awb-bg-size:cover;--awb-width-large:100%;--awb-margin-top-large:0px;--awb-spacing-right-large:0px;--awb-margin-bottom-large:20px;--awb-spacing-left-large:0px;--awb-width-medium:100%;--awb-order-medium:0;--awb-spacing-right-medium:0px;--awb-spacing-left-medium:0px;--awb-width-small:100%;--awb-order-small:0;--awb-spacing-right-small:1.92%;--awb-spacing-left-small:1.92%;\"><div class=\"fusion-column-wrapper fusion-column-has-shadow fusion-flex-justify-content-flex-start fusion-content-layout-column\"><div class=\"awb-gallery-wrapper awb-gallery-wrapper-1 button-span-no\" style=\"--more-btn-alignment:center;\"><div style=\"margin:0px;--awb-bordersize:0px;\" class=\"fusion-gallery fusion-gallery-container fusion-grid-4 fusion-columns-total-4 fusion-gallery-layout-masonry fusion-gallery-1\"><div class=\"fusion-grid-column fusion-gallery-column fusion-gallery-column-4 hover-type-none fusion-grid-sizer\"><\/div><div style=\"padding:0px;\" class=\"fusion-grid-column fusion-gallery-column fusion-gallery-column-4 hover-type-none fusion-element-landscape\"><div class=\"fusion-gallery-image\"><a href=\"https:\/\/indigorec.es\/wp-content\/uploads\/2023\/05\/Tragabuches-1.webp\" rel=\"noreferrer\" data-rel=\"iLightbox[gallery_image_1]\" class=\"fusion-lightbox\" target=\"_self\"><div style=\"padding-top:calc((100% + 0px) * 0.4 - 0px);background-position:;\" class=\"fusion-masonry-element-container lazyload\" data-bg=\"https:\/\/indigorec.es\/wp-content\/uploads\/2023\/05\/Tragabuches-1.webp\"><img decoding=\"async\" src=\"https:\/\/indigorec.es\/wp-content\/uploads\/2023\/05\/Tragabuches-1.webp\" data-orig-src=\"https:\/\/indigorec.es\/wp-content\/uploads\/2023\/05\/Tragabuches-1.webp\" width=\"1200\" height=\"668\" alt=\"\" title=\"Tragabuches 1\" aria-label=\"Tragabuches 1\" class=\"lazyload img-responsive wp-image-2939\" srcset=\"data:image\/svg+xml,%3Csvg%20xmlns%3D%27http%3A%2F%2Fwww.w3.org%2F2000%2Fsvg%27%20width%3D%271200%27%20height%3D%27668%27%20viewBox%3D%270%200%201200%20668%27%3E%3Crect%20width%3D%271200%27%20height%3D%27668%27%20fill-opacity%3D%220%22%2F%3E%3C%2Fsvg%3E\" data-srcset=\"https:\/\/indigorec.es\/wp-content\/uploads\/2023\/05\/Tragabuches-1-200x111.webp 200w, https:\/\/indigorec.es\/wp-content\/uploads\/2023\/05\/Tragabuches-1-400x223.webp 400w, https:\/\/indigorec.es\/wp-content\/uploads\/2023\/05\/Tragabuches-1-600x334.webp 600w, https:\/\/indigorec.es\/wp-content\/uploads\/2023\/05\/Tragabuches-1-768x428.webp 768w, https:\/\/indigorec.es\/wp-content\/uploads\/2023\/05\/Tragabuches-1-800x445.webp 800w, https:\/\/indigorec.es\/wp-content\/uploads\/2023\/05\/Tragabuches-1.webp 1200w\" data-sizes=\"auto\" data-orig-sizes=\"(min-width: 2200px) 100vw, (min-width: 712px) 600px, (min-width: 640px) 712px, \" \/><\/div><\/a><\/div><\/div><div style=\"padding:0px;\" class=\"fusion-grid-column fusion-gallery-column fusion-gallery-column-4 hover-type-none fusion-element-landscape\"><div class=\"fusion-gallery-image\"><a href=\"https:\/\/indigorec.es\/wp-content\/uploads\/2023\/05\/Tragabuches-5.webp\" rel=\"noreferrer\" data-rel=\"iLightbox[gallery_image_1]\" class=\"fusion-lightbox\" target=\"_self\"><div style=\"padding-top:calc((100% + 0px) * 0.4 - 0px);background-position:;\" class=\"fusion-masonry-element-container lazyload\" data-bg=\"https:\/\/indigorec.es\/wp-content\/uploads\/2023\/05\/Tragabuches-5.webp\"><img decoding=\"async\" src=\"https:\/\/indigorec.es\/wp-content\/uploads\/2023\/05\/Tragabuches-5.webp\" data-orig-src=\"https:\/\/indigorec.es\/wp-content\/uploads\/2023\/05\/Tragabuches-5.webp\" width=\"1200\" height=\"669\" alt=\"\" title=\"Tragabuches 5\" aria-label=\"Tragabuches 5\" class=\"lazyload img-responsive wp-image-2935\" srcset=\"data:image\/svg+xml,%3Csvg%20xmlns%3D%27http%3A%2F%2Fwww.w3.org%2F2000%2Fsvg%27%20width%3D%271200%27%20height%3D%27669%27%20viewBox%3D%270%200%201200%20669%27%3E%3Crect%20width%3D%271200%27%20height%3D%27669%27%20fill-opacity%3D%220%22%2F%3E%3C%2Fsvg%3E\" data-srcset=\"https:\/\/indigorec.es\/wp-content\/uploads\/2023\/05\/Tragabuches-5-200x112.webp 200w, https:\/\/indigorec.es\/wp-content\/uploads\/2023\/05\/Tragabuches-5-400x223.webp 400w, https:\/\/indigorec.es\/wp-content\/uploads\/2023\/05\/Tragabuches-5-600x335.webp 600w, https:\/\/indigorec.es\/wp-content\/uploads\/2023\/05\/Tragabuches-5-768x428.webp 768w, https:\/\/indigorec.es\/wp-content\/uploads\/2023\/05\/Tragabuches-5-800x446.webp 800w, https:\/\/indigorec.es\/wp-content\/uploads\/2023\/05\/Tragabuches-5.webp 1200w\" data-sizes=\"auto\" data-orig-sizes=\"(min-width: 2200px) 100vw, (min-width: 712px) 600px, (min-width: 640px) 712px, \" \/><\/div><\/a><\/div><\/div><div style=\"padding:0px;\" class=\"fusion-grid-column fusion-gallery-column fusion-gallery-column-4 hover-type-none fusion-element-landscape\"><div class=\"fusion-gallery-image\"><a href=\"https:\/\/indigorec.es\/wp-content\/uploads\/2023\/05\/Tragabuches-3.webp\" rel=\"noreferrer\" data-rel=\"iLightbox[gallery_image_1]\" class=\"fusion-lightbox\" target=\"_self\"><div style=\"padding-top:calc((100% + 0px) * 0.4 - 0px);background-position:;\" class=\"fusion-masonry-element-container lazyload\" data-bg=\"https:\/\/indigorec.es\/wp-content\/uploads\/2023\/05\/Tragabuches-3.webp\"><img decoding=\"async\" src=\"https:\/\/indigorec.es\/wp-content\/uploads\/2023\/05\/Tragabuches-3.webp\" data-orig-src=\"https:\/\/indigorec.es\/wp-content\/uploads\/2023\/05\/Tragabuches-3.webp\" width=\"1200\" height=\"675\" alt=\"\" title=\"Tragabuches 3\" aria-label=\"Tragabuches 3\" class=\"lazyload img-responsive wp-image-2937\" srcset=\"data:image\/svg+xml,%3Csvg%20xmlns%3D%27http%3A%2F%2Fwww.w3.org%2F2000%2Fsvg%27%20width%3D%271200%27%20height%3D%27675%27%20viewBox%3D%270%200%201200%20675%27%3E%3Crect%20width%3D%271200%27%20height%3D%27675%27%20fill-opacity%3D%220%22%2F%3E%3C%2Fsvg%3E\" data-srcset=\"https:\/\/indigorec.es\/wp-content\/uploads\/2023\/05\/Tragabuches-3-200x113.webp 200w, https:\/\/indigorec.es\/wp-content\/uploads\/2023\/05\/Tragabuches-3-400x225.webp 400w, https:\/\/indigorec.es\/wp-content\/uploads\/2023\/05\/Tragabuches-3-600x338.webp 600w, https:\/\/indigorec.es\/wp-content\/uploads\/2023\/05\/Tragabuches-3-768x432.webp 768w, https:\/\/indigorec.es\/wp-content\/uploads\/2023\/05\/Tragabuches-3-800x450.webp 800w, https:\/\/indigorec.es\/wp-content\/uploads\/2023\/05\/Tragabuches-3.webp 1200w\" data-sizes=\"auto\" data-orig-sizes=\"(min-width: 2200px) 100vw, (min-width: 712px) 600px, (min-width: 640px) 712px, \" \/><\/div><\/a><\/div><\/div><div style=\"padding:0px;\" class=\"fusion-grid-column fusion-gallery-column fusion-gallery-column-4 hover-type-none fusion-element-landscape\"><div class=\"fusion-gallery-image\"><a href=\"https:\/\/indigorec.es\/wp-content\/uploads\/2023\/05\/Tragabuches-2.webp\" rel=\"noreferrer\" data-rel=\"iLightbox[gallery_image_1]\" class=\"fusion-lightbox\" target=\"_self\"><div style=\"padding-top:calc((100% + 0px) * 0.4 - 0px);background-position:;\" class=\"fusion-masonry-element-container lazyload\" data-bg=\"https:\/\/indigorec.es\/wp-content\/uploads\/2023\/05\/Tragabuches-2.webp\"><img decoding=\"async\" src=\"https:\/\/indigorec.es\/wp-content\/uploads\/2023\/05\/Tragabuches-2.webp\" data-orig-src=\"https:\/\/indigorec.es\/wp-content\/uploads\/2023\/05\/Tragabuches-2.webp\" width=\"1200\" height=\"671\" alt=\"\" title=\"Tragabuches 2\" aria-label=\"Tragabuches 2\" class=\"lazyload img-responsive wp-image-2938\" srcset=\"data:image\/svg+xml,%3Csvg%20xmlns%3D%27http%3A%2F%2Fwww.w3.org%2F2000%2Fsvg%27%20width%3D%271200%27%20height%3D%27671%27%20viewBox%3D%270%200%201200%20671%27%3E%3Crect%20width%3D%271200%27%20height%3D%27671%27%20fill-opacity%3D%220%22%2F%3E%3C%2Fsvg%3E\" data-srcset=\"https:\/\/indigorec.es\/wp-content\/uploads\/2023\/05\/Tragabuches-2-200x112.webp 200w, https:\/\/indigorec.es\/wp-content\/uploads\/2023\/05\/Tragabuches-2-400x224.webp 400w, https:\/\/indigorec.es\/wp-content\/uploads\/2023\/05\/Tragabuches-2-600x336.webp 600w, https:\/\/indigorec.es\/wp-content\/uploads\/2023\/05\/Tragabuches-2-768x429.webp 768w, https:\/\/indigorec.es\/wp-content\/uploads\/2023\/05\/Tragabuches-2-800x447.webp 800w, https:\/\/indigorec.es\/wp-content\/uploads\/2023\/05\/Tragabuches-2.webp 1200w\" data-sizes=\"auto\" data-orig-sizes=\"(min-width: 2200px) 100vw, (min-width: 712px) 600px, (min-width: 640px) 712px, \" \/><\/div><\/a><\/div><\/div><\/div><\/div><\/div><\/div><div class=\"fusion-layout-column fusion_builder_column fusion-builder-column-2 fusion_builder_column_2_3 2_3 fusion-flex-column\" style=\"--awb-bg-size:cover;--awb-width-large:66.666666666667%;--awb-margin-top-large:0px;--awb-spacing-right-large:2.88%;--awb-margin-bottom-large:60px;--awb-spacing-left-large:2.88%;--awb-width-medium:66.666666666667%;--awb-order-medium:0;--awb-spacing-right-medium:2.88%;--awb-spacing-left-medium:2.88%;--awb-width-small:100%;--awb-order-small:0;--awb-spacing-right-small:1.92%;--awb-spacing-left-small:1.92%;\"><div class=\"fusion-column-wrapper fusion-column-has-shadow fusion-flex-justify-content-flex-start fusion-content-layout-column\"><div class=\"fusion-text fusion-text-2\" style=\"--awb-font-size:13px;--awb-margin-top:50px;\"><p>Regie des Dokumentarfilms<\/p>\n<p>Ein Dokumentarfilm, der die wahre Essenz des neuen Restaurants von @danigarcia7 einf\u00e4ngt. Tragabuches bedeutet, zur Kindheit zur\u00fcckzukehren und erneut die reinsten andalusischen Aromen zu genie\u00dfen. Tragabuches, das ehrlichste und andalusischste Restaurant des Michelin-Sternekochs Dani Garc\u00eda.<\/p>\n<\/div><div class=\"accordian fusion-accordian\" style=\"--awb-border-size:1px;--awb-icon-size:16px;--awb-content-font-size:var(--awb-typography4-font-size);--awb-icon-alignment:left;--awb-hover-color:var(--awb-color2);--awb-border-color:var(--awb-color3);--awb-background-color:var(--awb-color1);--awb-divider-color:var(--awb-color3);--awb-divider-hover-color:var(--awb-color3);--awb-icon-color:var(--awb-color8);--awb-title-color:var(--awb-color8);--awb-content-color:var(--awb-color8);--awb-icon-box-color:var(--awb-color8);--awb-toggle-hover-accent-color:var(--awb-color8);--awb-title-font-family:&quot;Arimo&quot;;--awb-title-font-weight:700;--awb-title-font-style:normal;--awb-title-font-size:24px;--awb-title-letter-spacing:var(--awb-typography1-letter-spacing);--awb-title-line-height:var(--awb-typography1-line-height);--awb-content-font-family:&quot;Arimo&quot;;--awb-content-font-style:normal;--awb-content-font-weight:400;\"><div class=\"panel-group fusion-toggle-icon-unboxed\" id=\"accordion-4198-1\"><div class=\"fusion-panel panel-default panel-de9f4e1a803a5ac1f fusion-toggle-no-divider\" style=\"--awb-content-font-size:13px;--awb-content-line-height:0;--awb-content-font-family:&quot;Helvetica Light&quot;;--awb-content-font-style:normal;--awb-content-font-weight:400;--awb-title-font-size:15px;\"><div class=\"panel-heading\"><h4 class=\"panel-title toggle\" id=\"toggle_de9f4e1a803a5ac1f\"><a aria-expanded=\"false\" aria-controls=\"de9f4e1a803a5ac1f\" role=\"button\" data-toggle=\"collapse\" data-parent=\"#accordion-4198-1\" data-target=\"#de9f4e1a803a5ac1f\" href=\"#de9f4e1a803a5ac1f\"><span class=\"fusion-toggle-icon-wrapper\" aria-hidden=\"true\"><i class=\"fa-fusion-box active-icon awb-icon-minus\" aria-hidden=\"true\"><\/i><i class=\"fa-fusion-box inactive-icon awb-icon-plus\" aria-hidden=\"true\"><\/i><\/span><span class=\"fusion-toggle-heading\">Urheberrechtshinweis<\/span><\/a><\/h4><\/div><div id=\"de9f4e1a803a5ac1f\" class=\"panel-collapse collapse \" aria-labelledby=\"toggle_de9f4e1a803a5ac1f\"><div class=\"panel-body toggle-content fusion-clearfix\">\n<p class=\"p1\"><span style=\"font-family: Arimo; font-weight: 400;\" data-fusion-font=\"true\" data-fusion-google-font=\"Arimo\" data-fusion-google-variant=\"400\">DOP: Manu Rocha<\/span><\/p>\n<p class=\"p1\"><span style=\"font-family: Arimo; font-weight: 400;\" data-fusion-font=\"true\" data-fusion-google-font=\"Arimo\" data-fusion-google-variant=\"400\">Kamera und Kunstleitung: Coraima Mengibar<\/span><\/p>\n<\/div><\/div><\/div><\/div><\/div><\/div><\/div><\/div><\/div>\n","protected":false},"excerpt":{"rendered":"","protected":false},"author":1,"featured_media":0,"parent":4081,"menu_order":0,"comment_status":"closed","ping_status":"closed","template":"100-width.php","meta":{"footnotes":""},"class_list":["post-4198","page","type-page","status-publish","hentry"],"yoast_head":"<!-- This site is optimized with the Yoast SEO plugin v24.5 - https:\/\/yoast.com\/wordpress\/plugins\/seo\/ -->\n<title>Tragabuches | Dani Garc\u00eda &#8226; Indigo Estudio Creativo<\/title>\n<meta name=\"robots\" content=\"index, follow, max-snippet:-1, max-image-preview:large, max-video-preview:-1\" \/>\n<link rel=\"canonical\" href=\"https:\/\/indigorec.es\/de\/projekte\/tragabuches\/\" \/>\n<meta property=\"og:locale\" content=\"de_DE\" \/>\n<meta property=\"og:type\" content=\"article\" \/>\n<meta property=\"og:title\" content=\"Tragabuches | Dani Garc\u00eda &#8226; Indigo Estudio Creativo\" \/>\n<meta property=\"og:url\" content=\"https:\/\/indigorec.es\/de\/projekte\/tragabuches\/\" \/>\n<meta property=\"og:site_name\" content=\"Indigo Estudio Creativo\" \/>\n<meta property=\"article:publisher\" content=\"https:\/\/www.instagram.com\/indigo.rec\/\" \/>\n<meta property=\"article:modified_time\" content=\"2023-11-21T17:59:04+00:00\" \/>\n<meta property=\"og:image\" content=\"https:\/\/indigorec.es\/wp-content\/uploads\/2023\/12\/Logo-SEO.webp\" \/>\n\t<meta property=\"og:image:width\" content=\"1200\" \/>\n\t<meta property=\"og:image:height\" content=\"675\" \/>\n\t<meta property=\"og:image:type\" content=\"image\/webp\" \/>\n<meta name=\"twitter:card\" content=\"summary_large_image\" \/>\n<meta name=\"twitter:label1\" content=\"Gesch\u00e4tzte Lesezeit\" \/>\n\t<meta name=\"twitter:data1\" content=\"7\u00a0Minuten\" \/>\n<script type=\"application\/ld+json\" class=\"yoast-schema-graph\">{\"@context\":\"https:\/\/schema.org\",\"@graph\":[{\"@type\":\"WebPage\",\"@id\":\"https:\/\/indigorec.es\/de\/projekte\/tragabuches\/\",\"url\":\"https:\/\/indigorec.es\/de\/projekte\/tragabuches\/\",\"name\":\"Tragabuches | Dani Garc\u00eda &#8226; Indigo Estudio Creativo\",\"isPartOf\":{\"@id\":\"https:\/\/indigorec.es\/de\/#website\"},\"datePublished\":\"2023-05-10T09:55:56+00:00\",\"dateModified\":\"2023-11-21T17:59:04+00:00\",\"breadcrumb\":{\"@id\":\"https:\/\/indigorec.es\/de\/projekte\/tragabuches\/#breadcrumb\"},\"inLanguage\":\"de\",\"potentialAction\":[{\"@type\":\"ReadAction\",\"target\":[\"https:\/\/indigorec.es\/de\/projekte\/tragabuches\/\"]}]},{\"@type\":\"BreadcrumbList\",\"@id\":\"https:\/\/indigorec.es\/de\/projekte\/tragabuches\/#breadcrumb\",\"itemListElement\":[{\"@type\":\"ListItem\",\"position\":1,\"name\":\"Portada\",\"item\":\"https:\/\/indigorec.es\/de\/\"},{\"@type\":\"ListItem\",\"position\":2,\"name\":\"Projekte\",\"item\":\"https:\/\/indigorec.es\/de\/projekte\/\"},{\"@type\":\"ListItem\",\"position\":3,\"name\":\"Tragabuches | Dani Garc\u00eda\"}]},{\"@type\":\"WebSite\",\"@id\":\"https:\/\/indigorec.es\/de\/#website\",\"url\":\"https:\/\/indigorec.es\/de\/\",\"name\":\"Indigo Estudio Creativo\",\"description\":\"Productora Audiovisual\",\"publisher\":{\"@id\":\"https:\/\/indigorec.es\/de\/#organization\"},\"alternateName\":\"Indigo\",\"potentialAction\":[{\"@type\":\"SearchAction\",\"target\":{\"@type\":\"EntryPoint\",\"urlTemplate\":\"https:\/\/indigorec.es\/de\/?s={search_term_string}\"},\"query-input\":{\"@type\":\"PropertyValueSpecification\",\"valueRequired\":true,\"valueName\":\"search_term_string\"}}],\"inLanguage\":\"de\"},{\"@type\":\"Organization\",\"@id\":\"https:\/\/indigorec.es\/de\/#organization\",\"name\":\"Indigo Estudio Creativo\",\"alternateName\":\"Indigo\",\"url\":\"https:\/\/indigorec.es\/de\/\",\"logo\":{\"@type\":\"ImageObject\",\"inLanguage\":\"de\",\"@id\":\"https:\/\/indigorec.es\/de\/#\/schema\/logo\/image\/\",\"url\":\"https:\/\/indigorec.es\/wp-content\/uploads\/2023\/12\/Logo-SEO-Cuadrado.webp\",\"contentUrl\":\"https:\/\/indigorec.es\/wp-content\/uploads\/2023\/12\/Logo-SEO-Cuadrado.webp\",\"width\":675,\"height\":675,\"caption\":\"Indigo Estudio Creativo\"},\"image\":{\"@id\":\"https:\/\/indigorec.es\/de\/#\/schema\/logo\/image\/\"},\"sameAs\":[\"https:\/\/www.instagram.com\/indigo.rec\/\",\"https:\/\/www.instagram.com\/corislife\/\",\"https:\/\/www.linkedin.com\/in\/coraimamengibar\/\"]}]}<\/script>\n<!-- \/ Yoast SEO plugin. -->","yoast_head_json":{"title":"Tragabuches | Dani Garc\u00eda &#8226; Indigo Estudio Creativo","robots":{"index":"index","follow":"follow","max-snippet":"max-snippet:-1","max-image-preview":"max-image-preview:large","max-video-preview":"max-video-preview:-1"},"canonical":"https:\/\/indigorec.es\/de\/projekte\/tragabuches\/","og_locale":"de_DE","og_type":"article","og_title":"Tragabuches | Dani Garc\u00eda &#8226; Indigo Estudio Creativo","og_url":"https:\/\/indigorec.es\/de\/projekte\/tragabuches\/","og_site_name":"Indigo Estudio Creativo","article_publisher":"https:\/\/www.instagram.com\/indigo.rec\/","article_modified_time":"2023-11-21T17:59:04+00:00","og_image":[{"width":1200,"height":675,"url":"https:\/\/indigorec.es\/wp-content\/uploads\/2023\/12\/Logo-SEO.webp","type":"image\/webp"}],"twitter_card":"summary_large_image","twitter_misc":{"Gesch\u00e4tzte Lesezeit":"7\u00a0Minuten"},"schema":{"@context":"https:\/\/schema.org","@graph":[{"@type":"WebPage","@id":"https:\/\/indigorec.es\/de\/projekte\/tragabuches\/","url":"https:\/\/indigorec.es\/de\/projekte\/tragabuches\/","name":"Tragabuches | Dani Garc\u00eda &#8226; Indigo Estudio Creativo","isPartOf":{"@id":"https:\/\/indigorec.es\/de\/#website"},"datePublished":"2023-05-10T09:55:56+00:00","dateModified":"2023-11-21T17:59:04+00:00","breadcrumb":{"@id":"https:\/\/indigorec.es\/de\/projekte\/tragabuches\/#breadcrumb"},"inLanguage":"de","potentialAction":[{"@type":"ReadAction","target":["https:\/\/indigorec.es\/de\/projekte\/tragabuches\/"]}]},{"@type":"BreadcrumbList","@id":"https:\/\/indigorec.es\/de\/projekte\/tragabuches\/#breadcrumb","itemListElement":[{"@type":"ListItem","position":1,"name":"Portada","item":"https:\/\/indigorec.es\/de\/"},{"@type":"ListItem","position":2,"name":"Projekte","item":"https:\/\/indigorec.es\/de\/projekte\/"},{"@type":"ListItem","position":3,"name":"Tragabuches | Dani Garc\u00eda"}]},{"@type":"WebSite","@id":"https:\/\/indigorec.es\/de\/#website","url":"https:\/\/indigorec.es\/de\/","name":"Indigo Estudio Creativo","description":"Productora Audiovisual","publisher":{"@id":"https:\/\/indigorec.es\/de\/#organization"},"alternateName":"Indigo","potentialAction":[{"@type":"SearchAction","target":{"@type":"EntryPoint","urlTemplate":"https:\/\/indigorec.es\/de\/?s={search_term_string}"},"query-input":{"@type":"PropertyValueSpecification","valueRequired":true,"valueName":"search_term_string"}}],"inLanguage":"de"},{"@type":"Organization","@id":"https:\/\/indigorec.es\/de\/#organization","name":"Indigo Estudio Creativo","alternateName":"Indigo","url":"https:\/\/indigorec.es\/de\/","logo":{"@type":"ImageObject","inLanguage":"de","@id":"https:\/\/indigorec.es\/de\/#\/schema\/logo\/image\/","url":"https:\/\/indigorec.es\/wp-content\/uploads\/2023\/12\/Logo-SEO-Cuadrado.webp","contentUrl":"https:\/\/indigorec.es\/wp-content\/uploads\/2023\/12\/Logo-SEO-Cuadrado.webp","width":675,"height":675,"caption":"Indigo Estudio Creativo"},"image":{"@id":"https:\/\/indigorec.es\/de\/#\/schema\/logo\/image\/"},"sameAs":["https:\/\/www.instagram.com\/indigo.rec\/","https:\/\/www.instagram.com\/corislife\/","https:\/\/www.linkedin.com\/in\/coraimamengibar\/"]}]}},"_links":{"self":[{"href":"https:\/\/indigorec.es\/de\/wp-json\/wp\/v2\/pages\/4198","targetHints":{"allow":["GET"]}}],"collection":[{"href":"https:\/\/indigorec.es\/de\/wp-json\/wp\/v2\/pages"}],"about":[{"href":"https:\/\/indigorec.es\/de\/wp-json\/wp\/v2\/types\/page"}],"author":[{"embeddable":true,"href":"https:\/\/indigorec.es\/de\/wp-json\/wp\/v2\/users\/1"}],"replies":[{"embeddable":true,"href":"https:\/\/indigorec.es\/de\/wp-json\/wp\/v2\/comments?post=4198"}],"version-history":[{"count":2,"href":"https:\/\/indigorec.es\/de\/wp-json\/wp\/v2\/pages\/4198\/revisions"}],"predecessor-version":[{"id":4341,"href":"https:\/\/indigorec.es\/de\/wp-json\/wp\/v2\/pages\/4198\/revisions\/4341"}],"up":[{"embeddable":true,"href":"https:\/\/indigorec.es\/de\/wp-json\/wp\/v2\/pages\/4081"}],"wp:attachment":[{"href":"https:\/\/indigorec.es\/de\/wp-json\/wp\/v2\/media?parent=4198"}],"curies":[{"name":"wp","href":"https:\/\/api.w.org\/{rel}","templated":true}]}}