{"id":4068,"date":"2023-04-20T09:31:25","date_gmt":"2023-04-20T09:31:25","guid":{"rendered":"https:\/\/indigorec.es\/politica-de-cookies\/"},"modified":"2023-11-08T17:46:12","modified_gmt":"2023-11-08T17:46:12","slug":"cookie-einstellungen","status":"publish","type":"page","link":"https:\/\/indigorec.es\/de\/cookie-einstellungen\/","title":{"rendered":"Cookie-Einstellungen"},"content":{"rendered":"<div class=\"fusion-fullwidth fullwidth-box fusion-builder-row-1 fusion-flex-container hundred-percent-fullwidth non-hundred-percent-height-scrolling\" style=\"--awb-border-radius-top-left:0px;--awb-border-radius-top-right:0px;--awb-border-radius-bottom-right:0px;--awb-border-radius-bottom-left:0px;--awb-flex-wrap:wrap;\" ><div class=\"fusion-builder-row fusion-row fusion-flex-align-items-flex-start fusion-flex-content-wrap\" style=\"width:104% !important;max-width:104% !important;margin-left: calc(-4% \/ 2 );margin-right: calc(-4% \/ 2 );\"><div class=\"fusion-layout-column fusion_builder_column fusion-builder-column-0 fusion_builder_column_1_1 1_1 fusion-flex-column\" style=\"--awb-bg-blend:overlay;--awb-bg-size:cover;--awb-width-large:100%;--awb-margin-top-large:0px;--awb-spacing-right-large:1.92%;--awb-margin-bottom-large:0px;--awb-spacing-left-large:1.92%;--awb-width-medium:100%;--awb-spacing-right-medium:1.92%;--awb-spacing-left-medium:1.92%;--awb-width-small:100%;--awb-spacing-right-small:1.92%;--awb-spacing-left-small:1.92%;\"><div class=\"fusion-column-wrapper fusion-flex-justify-content-flex-start fusion-content-layout-column\"><div class=\"fusion-text fusion-text-1\"><\/p>\n<h2 class=\"fusion-responsive-typography-calculated wp-block-heading\" style=\"--fontsize: 42; line-height: 1; --fontSize: 42; cursor: text;\" data-fontsize=\"42\" data-lineheight=\"42px\">Cookie-Einstellungen.<\/h2><\/p>\n<\/div><div class=\"fusion-text fusion-text-2\"><header>\n<p>Auf dieser Website werden Cookies von Drittanbietern und eigenen verwendet, um Ihnen ein besseres Surferlebnis zu erm\u00f6glichen, Inhalte in sozialen Netzwerken zu teilen und um Benutzerstatistiken zu erhalten.<\/p>\n<p>Sie k\u00f6nnen das Herunterladen von Cookies \u00fcber Ihre Browsereinstellungen verhindern und so verhindern, dass Cookies auf Ihrem Ger\u00e4t gespeichert werden.<\/p>\n<p>Als Inhaber dieser Website m\u00f6chte ich Sie dar\u00fcber informieren, dass wir keine personenbezogenen Daten aus Cookies verwenden, sondern nur allgemeine Besuchsstatistiken erstellen, die keine personenbezogenen Daten enthalten.<\/p>\n<p>Es ist sehr wichtig, dass Sie diese Cookie-Richtlinie lesen und verstehen, dass wir, wenn Sie weitersurfen, davon ausgehen, dass Sie der Verwendung zustimmen.<\/p>\n<p>Gem\u00e4\u00df den Bestimmungen in Artikel 22.2 des Gesetzes 34\/2002 \u00fcber Dienste der Informationsgesellschaft und elektronischen Handel erkl\u00e4ren Sie sich mit der weiteren Nutzung der Website mit der Nutzung der oben genannten Mechanismen einverstanden.<\/p>\n<\/header>\n<div class=\"\">\n<div class=\"\" style=\"cursor: text;\">\n<h4 data-fontsize=\"28.43\" style=\"--fontSize: 28.43; line-height: 1; cursor: text;\" data-lineheight=\"28.43px\" class=\"fusion-responsive-typography-calculated\">1. Verantwortliche Stelle<\/h4>\n<p class=\"ng-binding\" style=\"cursor: text;\">Die f\u00fcr die Erhebung, Verarbeitung und Nutzung Ihrer personenbezogenen Daten im Sinne des Datenschutzgesetzes verantwortliche Stelle ist die Indigo-Seite, Eigentum von Coraima Mengibar \u2013 C\/ Cristobalina Fernandez 11, 29590 M\u00e1laga.<br><\/p>\n<h4 data-fontsize=\"28.43\" style=\"--fontSize: 28.43; line-height: 1; cursor: text;\" data-lineheight=\"28.43px\" class=\"fusion-responsive-typography-calculated\">2. Was sind Cookies?<\/h4>\n<p style=\"cursor: text;\">Cookies sind eine Reihe von Daten, die ein Server im Browser des Benutzers hinterlegt, um Standard-Internetprotokollinformationen und Informationen zum Besucherverhalten auf einer Website zu sammeln. Dabei handelt es sich um kleine Textdateien, die auf der Festplatte des Computers gespeichert werden und dazu dienen, den Nutzer bei erneuter Verbindung mit der Website zu identifizieren. Ihr Zweck besteht darin, den Besuch des Benutzers aufzuzeichnen und bestimmte Informationen zu speichern. Ihre Verwendung ist im Web weit verbreitet und h\u00e4ufig, da sie eine effizientere Funktion der Seiten und eine st\u00e4rkere Personalisierung und Analyse des Benutzerverhaltens erm\u00f6glicht.<\/p>\n<h4 data-fontsize=\"28.43\" style=\"--fontSize: 28.43; line-height: 1; cursor: text;\" data-lineheight=\"28.43px\" class=\"fusion-responsive-typography-calculated\">3. Welche Arten von Cookies gibt es?<\/h4>\n<p>Bei den auf unserer Website verwendeten Cookies handelt es sich um Sitzungs- und Drittanbieter-Cookies, die es uns erm\u00f6glichen, Informationen \u00fcber die Sprache, den verwendeten Browsertyp und andere vom Benutzer vordefinierte allgemeine Merkmale zu speichern und abzurufen sowie die Aktivit\u00e4t zu verfolgen und zu analysieren . die es durchf\u00fchrt, mit dem Ziel, Verbesserungen einzuf\u00fchren und unsere Dienstleistungen effizienter und personalisierter anzubieten.<\/p>\n<p>Abh\u00e4ngig von ihrer Dauerhaftigkeit k\u00f6nnen Cookies in Sitzungscookies und permanente Cookies unterteilt werden. Diejenigen, die ablaufen, wenn der Benutzer den Browser schlie\u00dft. Diese verfallen, je nachdem, wann der Zweck, dem sie dienen, erf\u00fcllt ist (z. B. damit der Benutzer in den Coraima Mengibar-Diensten identifiziert bleibt) oder wenn sie manuell gel\u00f6scht werden.<\/p>\n<table border=\"0\" width=\"100%\" cellpadding=\"15\">\n<tbody>\n<tr>\n<td>Nombre<\/td>\n<td>Tipo<\/td>\n<td>Caducidad<\/td>\n<td>Finalidad<\/td>\n<td>Clase<\/td>\n<\/tr>\n<tr>\n<td>__utma<\/td>\n<td>De Terceros (Google Analytics)<\/td>\n<td>2 a\u00f1os<\/td>\n<td>Se usa para distinguir usuarios y sesiones.<\/td>\n<td>No Exenta<\/td>\n<\/tr>\n<tr>\n<td>__utmb<\/td>\n<td>De Terceros (Google Analytics)<\/td>\n<td>30 minutos<\/td>\n<td>Se usa para determinar nuevas sesiones o visitas<\/td>\n<td>No Exenta<\/td>\n<\/tr>\n<tr>\n<td>__utmc<\/td>\n<td>De Terceros (Google Analytics)<\/td>\n<td>Al finalizar la sesi\u00f3n<\/td>\n<td>Se configura para su uso con Urchin<\/td>\n<td>No Exenta<\/td>\n<\/tr>\n<tr>\n<td>__utmz<\/td>\n<td>De Terceros (Google Analytics)<\/td>\n<td>6 meses<\/td>\n<td>Almacena el origen o la campa\u00f1a que explica c\u00f3mo el usuario ha llegado hasta la p\u00e1gina web<\/td>\n<td>No Exenta<\/td>\n<\/tr>\n<\/tbody>\n<\/table>\n<p class=\"ng-binding\">\n<p class=\"ng-binding\" style=\"cursor: text;\">Abh\u00e4ngig von ihrem Zweck k\u00f6nnen Cookies au\u00dferdem wie folgt klassifiziert werden:<\/p>\n<h5 data-fontsize=\"18\" style=\"--fontSize: 18; line-height: 1; --minFontSize: 18; cursor: text;\" data-lineheight=\"18px\" class=\"fusion-responsive-typography-calculated\">Leistungscookies<\/h5>\n<p style=\"cursor: text;\">Diese Art von Cookie speichert Ihre Pr\u00e4ferenzen f\u00fcr die in den Diensten gefundenen Tools, sodass Sie den Dienst nicht bei jedem Besuch neu konfigurieren m\u00fcssen. Zu dieser Typologie geh\u00f6ren beispielsweise: Lautst\u00e4rkeanpassungen f\u00fcr Video- oder Soundplayer. Die von Ihrem Browser unterst\u00fctzten Video\u00fcbertragungsgeschwindigkeiten. Die im \u201eWarenkorb\u201c gespeicherten Objekte bei E-Commerce-Diensten wie Shops.<\/p>\n<h5 data-fontsize=\"18\" style=\"--fontSize: 18; line-height: 1; --minFontSize: 18; cursor: text;\" data-lineheight=\"18px\" class=\"fusion-responsive-typography-calculated\">Geostandort-Cookies<\/h5>\n<p style=\"cursor: text;\">Diese Cookies werden verwendet, um herauszufinden, in welchem \u200b\u200bLand Sie sich befinden, wenn Sie eine Dienstleistung anfordern. Dieses Cookie ist v\u00f6llig anonym und wird nur dazu verwendet, Inhalte gezielt auf Ihren Standort auszurichten.<\/p>\n<h5 data-fontsize=\"18\" style=\"--fontSize: 18; line-height: 1; --minFontSize: 18; cursor: text;\" data-lineheight=\"18px\" class=\"fusion-responsive-typography-calculated\">Registrierungscookies<\/h5>\n<p>Registrierungs-Cookies werden generiert, sobald sich der Benutzer registriert oder seine Sitzung anschlie\u00dfend er\u00f6ffnet hat, und werden zu folgenden Zwecken verwendet, um ihn in den Diensten zu identifizieren:<\/p>\n<p>Sorgen Sie daf\u00fcr, dass der Benutzer identifiziert wird, damit er weiterhin identifiziert bleibt, wenn er einen Dienst, Browser oder Computer schlie\u00dft und zu einem anderen Zeitpunkt oder an einem anderen Tag diesen Dienst erneut aufruft, und erleichtert so die Navigation, ohne sich erneut identifizieren zu m\u00fcssen. Diese Funktionalit\u00e4t kann gel\u00f6scht werden, wenn der Benutzer auf die Funktion [Abmelden] klickt. Daher wird dieses Cookie gel\u00f6scht und wenn der Benutzer das n\u00e4chste Mal den Dienst betritt, muss er sich anmelden, um identifiziert zu werden.<\/p>\n<p>Pr\u00fcfen Sie, ob der Benutzer berechtigt ist, auf bestimmte Dienste zuzugreifen, beispielsweise um an einem Gewinnspiel teilzunehmen.<\/p>\n<p>Dar\u00fcber hinaus verwenden einige Dienste m\u00f6glicherweise Verbindungen zu sozialen Netzwerken wie Facebook oder Twitter. Wenn sich der Benutzer mit Anmeldeinformationen eines sozialen Netzwerks f\u00fcr einen Dienst registriert, autorisiert er das soziale Netzwerk, ein dauerhaftes Cookie zu speichern, das seine Identit\u00e4t speichert und den Zugriff auf die Dienste bis zu seinem Ablauf garantiert. Der Benutzer kann dieses Cookie l\u00f6schen und den Zugriff auf die Dienste \u00fcber soziale Netzwerke widerrufen, indem er seine Pr\u00e4ferenzen im jeweiligen sozialen Netzwerk aktualisiert.<\/p>\n<h5 data-fontsize=\"18\" style=\"--fontSize: 18; line-height: 1; --minFontSize: 18; cursor: text;\" data-lineheight=\"18px\" class=\"fusion-responsive-typography-calculated\">Analyse-Cookies<\/h5>\n<p>Jedes Mal, wenn ein Benutzer einen Dienst besucht, generiert ein Tool eines Drittanbieters ein analytisches Cookie auf dem Computer des Benutzers. Dieses Cookie, das nur w\u00e4hrend des Besuchs generiert wird, wird bei zuk\u00fcnftigen Besuchen der Coraima Mengibar-Dienste verwendet, um den Besucher anonym zu identifizieren. Die verfolgten Hauptziele sind:<\/p>\n<p>Erm\u00f6glicht die anonyme Identifizierung der surfenden Benutzer durch das Cookie (es identifiziert Browser und Ger\u00e4te, nicht Personen) und somit die ungef\u00e4hre Erfassung der Anzahl der Besucher und ihrer Entwicklung im Zeitverlauf.<\/p>\n<p>Identifizieren Sie anonym die am h\u00e4ufigsten besuchten Inhalte, die daher f\u00fcr Benutzer am attraktivsten sind. Erfahren Sie, ob der Benutzer, der darauf zugreift, neu ist oder einen erneuten Besuch abschlie\u00dft.<\/p>\n<p>Wichtig: Sofern sich der Benutzer nicht dazu entschlie\u00dft, sich f\u00fcr einen Coraima Mengibar-Dienst zu registrieren, wird das Cookie niemals mit personenbezogenen Daten verkn\u00fcpft, die ihn identifizieren k\u00f6nnten. Diese Cookies werden nur zu statistischen Zwecken verwendet, die dazu beitragen, das Benutzererlebnis auf der Website zu optimieren.<\/p>\n<h5 data-fontsize=\"18\" style=\"--fontSize: 18; line-height: 1; --minFontSize: 18; cursor: text;\" data-lineheight=\"18px\" class=\"fusion-responsive-typography-calculated\">Werbe-Cookies<\/h5>\n<p class=\"ng-binding\" style=\"cursor: text;\">Diese Art von Cookies erm\u00f6glicht es uns, die Informationen der Werbung zu erweitern, die jedem anonymen Benutzer in den Coraima Mengibar-Diensten angezeigt wird. Unter anderem werden die Dauer oder H\u00e4ufigkeit der Anzeige von Werbepositionen, die Interaktion mit ihnen oder das Surfverhalten und\/oder Verhalten des Nutzers gespeichert, um ein Profil des Werbeinteresses zu erstellen. Auf diese Weise erm\u00f6glichen sie es uns, Werbung anzubieten, die auf die Interessen des Nutzers zugeschnitten ist.<\/p>\n<h5 data-fontsize=\"18\" style=\"--fontSize: 18; line-height: 1; --minFontSize: 18; cursor: text;\" data-lineheight=\"18px\" class=\"fusion-responsive-typography-calculated\">Werbe-Cookies von Drittanbietern<\/h5>\n<p>Zus\u00e4tzlich zu der von den Coraima Mengibar-Websites in ihren Diensten verwalteten Werbung bieten die Coraima Mengibar-Websites ihren Werbetreibenden die M\u00f6glichkeit, Werbung \u00fcber Dritte (\u201eAd-Server\u201c) zu schalten. Auf diese Weise k\u00f6nnen diese Dritten die von den Coraima Mengibar-Diensten gesendeten Cookies \u00fcber die Browser der Benutzer speichern und auf die darin gespeicherten Daten zugreifen.<\/p>\n<p>Die Unternehmen, die diese Cookies generieren, haben ihre eigenen Datenschutzrichtlinien. Derzeit nutzen Coraima Mengibar-Websites die Doubleclick-Plattform (Google), um diese Dienste zu verwalten. Weitere Informationen finden Sie unter<\/p>\n<p style=\"cursor: text;\"><a href=\"http:\/\/www.google.es\/policies\/privacy\/ads\/#toc-doubleclick\">http:\/\/www.google.es\/policies\/privacy\/ads\/#toc-doubleclick<\/a> und <a href=\"http:\/\/www.google.es\/policies\/privacy\/ads\/\">http:\/\/www.google.es\/policies\/privacy\/ads\/<\/a>.<\/p>\n<h4 data-fontsize=\"28.43\" style=\"--fontSize: 28.43; line-height: 1; cursor: text;\" data-lineheight=\"28.43px\" class=\"fusion-responsive-typography-calculated\">4. Wie kann ich Cookies in meinem Browser deaktivieren?<\/h4>\n<p>Verschiedene Browser k\u00f6nnen so konfiguriert werden, dass sie den Benutzer \u00fcber den Empfang von Cookies informieren und auf Wunsch deren Installation auf dem Computer verhindern. Ebenso kann der Nutzer in seinem Browser \u00fcberpr\u00fcfen, welche Cookies er installiert hat und wie lange diese ablaufen, und diese l\u00f6schen k\u00f6nnen.<\/p>\n<p>Weitere Informationen finden Sie in den Anleitungen und Handb\u00fcchern Ihres Browsers:<\/p>\n<ul>\n<li style=\"cursor: text;\">Google Chrome: <a href=\"https:\/\/support.google.com\/chrome\/answer\/95647?hl=es\"><u><b>https:\/\/support.google.com\/chrome\/answer\/95647?hl=es<\/b><\/u><\/a><\/li>\n<li style=\"cursor: text;\">Internet Explorer: <a style=\"font-family: var(--awb-text-font-family); font-size: var(--awb-font-size); font-style: var(--awb-text-font-style); letter-spacing: var(--awb-letter-spacing); text-align: var(--awb-content-alignment); text-transform: var(--awb-text-transform); background-color: var(--awb-bg-color);\" href=\"http:\/\/windows.microsoft.com\/es-es\/windows-vista\/cookies-frequently-asked-questions\"><b><u>http:\/\/windows.microsoft.com\/es-es\/windows-vista\/cookies-frequently-asked-questions<\/u><\/b><\/a><\/li>\n<li style=\"cursor: text;\">Mozilla Firefox: <a style=\"font-family: var(--awb-text-font-family); font-size: var(--awb-font-size); font-style: var(--awb-text-font-style); letter-spacing: var(--awb-letter-spacing); text-align: var(--awb-content-alignment); text-transform: var(--awb-text-transform); background-color: var(--awb-bg-color);\" href=\"http:\/\/support.mozilla.org\/es\/kb\/habilitar-y-deshabilitar-cookies-que-los-sitios-we%20\"><u><b>http:\/\/support.mozilla.org\/es\/kb\/habilitar-y-deshabilitar-cookies-que-los-sitios-we<\/b><\/u><\/a><\/li>\n<li style=\"cursor: text;\">Safari: <a style=\"font-family: var(--awb-text-font-family); font-size: var(--awb-font-size); font-style: var(--awb-text-font-style); letter-spacing: var(--awb-letter-spacing); text-align: var(--awb-content-alignment); text-transform: var(--awb-text-transform); background-color: var(--awb-bg-color);\" href=\"http:\/\/www.apple.com\/es\/privacy\/use-of-cookies\/%20\"><u><b>http:\/\/www.apple.com\/es\/privacy\/use-of-cookies\/<\/b><\/u><\/a><\/li>\n<li style=\"cursor: text;\">Opera: <a style=\"font-family: var(--awb-text-font-family); font-size: var(--awb-font-size); font-style: var(--awb-text-font-style); letter-spacing: var(--awb-letter-spacing); text-align: var(--awb-content-alignment); text-transform: var(--awb-text-transform); background-color: var(--awb-bg-color);\" href=\"http:\/\/help.opera.com\/Windows\/11.50\/es-ES\/cookies.html\"><u><b>http:\/\/help.opera.com\/Windows\/11.50\/es-ES\/cookies.html<\/b><\/u><\/a><\/li>\n<li style=\"cursor: text;\">Wenn Sie die Nachverfolgung durch Google Analytics beenden m\u00f6chten, besuchen Sie: <a style=\"font-family: var(--awb-text-font-family); font-size: var(--awb-font-size); font-style: var(--awb-text-font-style); letter-spacing: var(--awb-letter-spacing); text-align: var(--awb-content-alignment); text-transform: var(--awb-text-transform); background-color: var(--awb-bg-color);\" href=\"http:\/\/tools.google.com\/dlpage\/gaoptout\"><u><b>http:\/\/tools.google.com\/dlpage\/gaoptout<\/b><\/u><\/a><\/li>\n<\/ul>\n<h4 data-fontsize=\"28.43\" style=\"--fontSize: 28.43; line-height: 1; cursor: text;\" data-lineheight=\"28.43px\" class=\"fusion-responsive-typography-calculated\">5. Um mehr \u00fcber Cookies zu erfahren<\/h4>\n<p style=\"cursor: text;\">Weitere Informationen zu verhaltensbasierter Online-Werbung und Online-Datenschutz finden Sie unter folgendem Link: <a href=\"http:\/\/www.youronlinechoices.com\/es\/\"><u><b>http:\/\/www.youronlinechoices.com\/es\/<\/b><\/u><\/a><\/p>\n<p style=\"cursor: text;\">Datenschutz bei Google Analytics: <a href=\"http:\/\/www.google.com\/analytics\/learn\/privacy.html\"><b><u>http:\/\/www.google.com\/analytics\/learn\/privacy.html<\/u><\/b><\/a><\/p>\n<p style=\"cursor: text;\">Wie Google Analytics Cookies verwendet:<u><b> <a href=\"https:\/\/developers.google.com\/analytics\/devguides\/collection\/analyticsjs\/cookie-usage?hl=es#analyticsjs\">https:\/\/developers.google.com\/analytics\/devguides\/collection\/analyticsjs\/cookie-usage?hl=es#analyticsjs<\/a><\/b><\/u><\/p>\n<h4 data-fontsize=\"28.43\" style=\"--fontSize: 28.43; line-height: 1; cursor: text;\" data-lineheight=\"28.43px\" class=\"fusion-responsive-typography-calculated\">6. Aktualisierungen und \u00c4nderungen der Datenschutzrichtlinie \/ Cookies<\/h4>\n<p>Die Websites von Coraima Mengibar k\u00f6nnen diese Cookie-Richtlinie aufgrund gesetzlicher oder beh\u00f6rdlicher Anforderungen oder mit dem Ziel \u00e4ndern, diese Richtlinie an die Anweisungen der spanischen Datenschutzbeh\u00f6rde anzupassen. Daher wird Benutzern empfohlen, sie regelm\u00e4\u00dfig zu besuchen.<\/p>\n<p>Wenn wesentliche \u00c4nderungen in dieser Cookie-Richtlinie auftreten, werden diese den Benutzern entweder \u00fcber die Website oder per E-Mail an registrierte Benutzer mitgeteilt.<\/p>\n<\/div>\n<\/div>\n<\/div><\/div><\/div><\/div><\/div>","protected":false},"excerpt":{"rendered":"","protected":false},"author":1,"featured_media":0,"parent":0,"menu_order":0,"comment_status":"closed","ping_status":"closed","template":"100-width.php","meta":{"footnotes":""},"class_list":["post-4068","page","type-page","status-publish","hentry"],"yoast_head":"<!-- This site is optimized with the Yoast SEO plugin v24.5 - https:\/\/yoast.com\/wordpress\/plugins\/seo\/ -->\n<title>Cookie-Einstellungen &#8226; Indigo Estudio Creativo<\/title>\n<meta name=\"robots\" content=\"index, follow, max-snippet:-1, max-image-preview:large, max-video-preview:-1\" \/>\n<link rel=\"canonical\" href=\"https:\/\/indigorec.es\/de\/cookie-einstellungen\/\" \/>\n<meta property=\"og:locale\" content=\"de_DE\" \/>\n<meta property=\"og:type\" content=\"article\" \/>\n<meta property=\"og:title\" content=\"Cookie-Einstellungen &#8226; Indigo Estudio Creativo\" \/>\n<meta property=\"og:url\" content=\"https:\/\/indigorec.es\/de\/cookie-einstellungen\/\" \/>\n<meta property=\"og:site_name\" content=\"Indigo Estudio Creativo\" \/>\n<meta property=\"article:publisher\" content=\"https:\/\/www.instagram.com\/indigo.rec\/\" \/>\n<meta property=\"article:modified_time\" content=\"2023-11-08T17:46:12+00:00\" \/>\n<meta property=\"og:image\" content=\"https:\/\/indigorec.es\/wp-content\/uploads\/2023\/12\/Logo-SEO.webp\" \/>\n\t<meta property=\"og:image:width\" content=\"1200\" \/>\n\t<meta property=\"og:image:height\" content=\"675\" \/>\n\t<meta property=\"og:image:type\" content=\"image\/webp\" \/>\n<meta name=\"twitter:card\" content=\"summary_large_image\" \/>\n<meta name=\"twitter:label1\" content=\"Gesch\u00e4tzte Lesezeit\" \/>\n\t<meta name=\"twitter:data1\" content=\"8\u00a0Minuten\" \/>\n<script type=\"application\/ld+json\" class=\"yoast-schema-graph\">{\"@context\":\"https:\/\/schema.org\",\"@graph\":[{\"@type\":\"WebPage\",\"@id\":\"https:\/\/indigorec.es\/de\/cookie-einstellungen\/\",\"url\":\"https:\/\/indigorec.es\/de\/cookie-einstellungen\/\",\"name\":\"Cookie-Einstellungen &#8226; Indigo Estudio Creativo\",\"isPartOf\":{\"@id\":\"https:\/\/indigorec.es\/de\/#website\"},\"datePublished\":\"2023-04-20T09:31:25+00:00\",\"dateModified\":\"2023-11-08T17:46:12+00:00\",\"breadcrumb\":{\"@id\":\"https:\/\/indigorec.es\/de\/cookie-einstellungen\/#breadcrumb\"},\"inLanguage\":\"de\",\"potentialAction\":[{\"@type\":\"ReadAction\",\"target\":[\"https:\/\/indigorec.es\/de\/cookie-einstellungen\/\"]}]},{\"@type\":\"BreadcrumbList\",\"@id\":\"https:\/\/indigorec.es\/de\/cookie-einstellungen\/#breadcrumb\",\"itemListElement\":[{\"@type\":\"ListItem\",\"position\":1,\"name\":\"Portada\",\"item\":\"https:\/\/indigorec.es\/de\/\"},{\"@type\":\"ListItem\",\"position\":2,\"name\":\"Cookie-Einstellungen\"}]},{\"@type\":\"WebSite\",\"@id\":\"https:\/\/indigorec.es\/de\/#website\",\"url\":\"https:\/\/indigorec.es\/de\/\",\"name\":\"Indigo Estudio Creativo\",\"description\":\"Productora Audiovisual\",\"publisher\":{\"@id\":\"https:\/\/indigorec.es\/de\/#organization\"},\"alternateName\":\"Indigo\",\"potentialAction\":[{\"@type\":\"SearchAction\",\"target\":{\"@type\":\"EntryPoint\",\"urlTemplate\":\"https:\/\/indigorec.es\/de\/?s={search_term_string}\"},\"query-input\":{\"@type\":\"PropertyValueSpecification\",\"valueRequired\":true,\"valueName\":\"search_term_string\"}}],\"inLanguage\":\"de\"},{\"@type\":\"Organization\",\"@id\":\"https:\/\/indigorec.es\/de\/#organization\",\"name\":\"Indigo Estudio Creativo\",\"alternateName\":\"Indigo\",\"url\":\"https:\/\/indigorec.es\/de\/\",\"logo\":{\"@type\":\"ImageObject\",\"inLanguage\":\"de\",\"@id\":\"https:\/\/indigorec.es\/de\/#\/schema\/logo\/image\/\",\"url\":\"https:\/\/indigorec.es\/wp-content\/uploads\/2023\/12\/Logo-SEO-Cuadrado.webp\",\"contentUrl\":\"https:\/\/indigorec.es\/wp-content\/uploads\/2023\/12\/Logo-SEO-Cuadrado.webp\",\"width\":675,\"height\":675,\"caption\":\"Indigo Estudio Creativo\"},\"image\":{\"@id\":\"https:\/\/indigorec.es\/de\/#\/schema\/logo\/image\/\"},\"sameAs\":[\"https:\/\/www.instagram.com\/indigo.rec\/\",\"https:\/\/www.instagram.com\/corislife\/\",\"https:\/\/www.linkedin.com\/in\/coraimamengibar\/\"]}]}<\/script>\n<!-- \/ Yoast SEO plugin. -->","yoast_head_json":{"title":"Cookie-Einstellungen &#8226; Indigo Estudio Creativo","robots":{"index":"index","follow":"follow","max-snippet":"max-snippet:-1","max-image-preview":"max-image-preview:large","max-video-preview":"max-video-preview:-1"},"canonical":"https:\/\/indigorec.es\/de\/cookie-einstellungen\/","og_locale":"de_DE","og_type":"article","og_title":"Cookie-Einstellungen &#8226; Indigo Estudio Creativo","og_url":"https:\/\/indigorec.es\/de\/cookie-einstellungen\/","og_site_name":"Indigo Estudio Creativo","article_publisher":"https:\/\/www.instagram.com\/indigo.rec\/","article_modified_time":"2023-11-08T17:46:12+00:00","og_image":[{"width":1200,"height":675,"url":"https:\/\/indigorec.es\/wp-content\/uploads\/2023\/12\/Logo-SEO.webp","type":"image\/webp"}],"twitter_card":"summary_large_image","twitter_misc":{"Gesch\u00e4tzte Lesezeit":"8\u00a0Minuten"},"schema":{"@context":"https:\/\/schema.org","@graph":[{"@type":"WebPage","@id":"https:\/\/indigorec.es\/de\/cookie-einstellungen\/","url":"https:\/\/indigorec.es\/de\/cookie-einstellungen\/","name":"Cookie-Einstellungen &#8226; Indigo Estudio Creativo","isPartOf":{"@id":"https:\/\/indigorec.es\/de\/#website"},"datePublished":"2023-04-20T09:31:25+00:00","dateModified":"2023-11-08T17:46:12+00:00","breadcrumb":{"@id":"https:\/\/indigorec.es\/de\/cookie-einstellungen\/#breadcrumb"},"inLanguage":"de","potentialAction":[{"@type":"ReadAction","target":["https:\/\/indigorec.es\/de\/cookie-einstellungen\/"]}]},{"@type":"BreadcrumbList","@id":"https:\/\/indigorec.es\/de\/cookie-einstellungen\/#breadcrumb","itemListElement":[{"@type":"ListItem","position":1,"name":"Portada","item":"https:\/\/indigorec.es\/de\/"},{"@type":"ListItem","position":2,"name":"Cookie-Einstellungen"}]},{"@type":"WebSite","@id":"https:\/\/indigorec.es\/de\/#website","url":"https:\/\/indigorec.es\/de\/","name":"Indigo Estudio Creativo","description":"Productora Audiovisual","publisher":{"@id":"https:\/\/indigorec.es\/de\/#organization"},"alternateName":"Indigo","potentialAction":[{"@type":"SearchAction","target":{"@type":"EntryPoint","urlTemplate":"https:\/\/indigorec.es\/de\/?s={search_term_string}"},"query-input":{"@type":"PropertyValueSpecification","valueRequired":true,"valueName":"search_term_string"}}],"inLanguage":"de"},{"@type":"Organization","@id":"https:\/\/indigorec.es\/de\/#organization","name":"Indigo Estudio Creativo","alternateName":"Indigo","url":"https:\/\/indigorec.es\/de\/","logo":{"@type":"ImageObject","inLanguage":"de","@id":"https:\/\/indigorec.es\/de\/#\/schema\/logo\/image\/","url":"https:\/\/indigorec.es\/wp-content\/uploads\/2023\/12\/Logo-SEO-Cuadrado.webp","contentUrl":"https:\/\/indigorec.es\/wp-content\/uploads\/2023\/12\/Logo-SEO-Cuadrado.webp","width":675,"height":675,"caption":"Indigo Estudio Creativo"},"image":{"@id":"https:\/\/indigorec.es\/de\/#\/schema\/logo\/image\/"},"sameAs":["https:\/\/www.instagram.com\/indigo.rec\/","https:\/\/www.instagram.com\/corislife\/","https:\/\/www.linkedin.com\/in\/coraimamengibar\/"]}]}},"_links":{"self":[{"href":"https:\/\/indigorec.es\/de\/wp-json\/wp\/v2\/pages\/4068","targetHints":{"allow":["GET"]}}],"collection":[{"href":"https:\/\/indigorec.es\/de\/wp-json\/wp\/v2\/pages"}],"about":[{"href":"https:\/\/indigorec.es\/de\/wp-json\/wp\/v2\/types\/page"}],"author":[{"embeddable":true,"href":"https:\/\/indigorec.es\/de\/wp-json\/wp\/v2\/users\/1"}],"replies":[{"embeddable":true,"href":"https:\/\/indigorec.es\/de\/wp-json\/wp\/v2\/comments?post=4068"}],"version-history":[{"count":5,"href":"https:\/\/indigorec.es\/de\/wp-json\/wp\/v2\/pages\/4068\/revisions"}],"predecessor-version":[{"id":4229,"href":"https:\/\/indigorec.es\/de\/wp-json\/wp\/v2\/pages\/4068\/revisions\/4229"}],"wp:attachment":[{"href":"https:\/\/indigorec.es\/de\/wp-json\/wp\/v2\/media?parent=4068"}],"curies":[{"name":"wp","href":"https:\/\/api.w.org\/{rel}","templated":true}]}}