{"id":4033,"date":"2023-03-01T11:01:30","date_gmt":"2023-03-01T11:01:30","guid":{"rendered":"https:\/\/indigorec.es\/contacto\/"},"modified":"2024-01-16T09:54:34","modified_gmt":"2024-01-16T09:54:34","slug":"kontakt","status":"publish","type":"page","link":"https:\/\/indigorec.es\/de\/kontakt\/","title":{"rendered":"Kontakt"},"content":{"rendered":"<div class=\"fusion-fullwidth fullwidth-box fusion-builder-row-1 fusion-flex-container has-pattern-background has-mask-background hundred-percent-fullwidth non-hundred-percent-height-scrolling\" style=\"--awb-border-radius-top-left:0px;--awb-border-radius-top-right:0px;--awb-border-radius-bottom-right:0px;--awb-border-radius-bottom-left:0px;--awb-padding-top:5%;--awb-padding-bottom:10%;--awb-margin-bottom:0px;--awb-flex-wrap:wrap;\" ><div class=\"fusion-builder-row fusion-row fusion-flex-align-items-flex-start fusion-flex-align-content-flex-start fusion-flex-content-wrap\" style=\"width:104% !important;max-width:104% !important;margin-left: calc(-4% \/ 2 );margin-right: calc(-4% \/ 2 );\"><div class=\"fusion-layout-column fusion_builder_column fusion-builder-column-0 fusion_builder_column_1_2 1_2 fusion-flex-column fusion-flex-align-self-stretch fusion-animated\" style=\"--awb-padding-top:20px;--awb-bg-size:cover;--awb-width-large:50%;--awb-margin-top-large:30px;--awb-spacing-right-large:19.2%;--awb-margin-bottom-large:20px;--awb-spacing-left-large:3.84%;--awb-width-medium:50%;--awb-order-medium:0;--awb-spacing-right-medium:19.2%;--awb-spacing-left-medium:3.84%;--awb-width-small:100%;--awb-order-small:0;--awb-margin-top-small:0px;--awb-spacing-right-small:4.8%;--awb-spacing-left-small:4.8%;\" data-animationType=\"fadeInDown\" data-animationDuration=\"1.5\" data-animationOffset=\"top-into-view\"><div class=\"fusion-column-wrapper fusion-column-has-shadow fusion-flex-justify-content-flex-start fusion-content-layout-column\"><div class=\"fusion-title title fusion-title-1 fusion-sep-none fusion-title-text fusion-title-size-two\" style=\"--awb-margin-top:0px;--awb-margin-bottom:30px;--awb-margin-bottom-small:30px;--awb-font-size:35px;\"><h2 class=\"fusion-title-heading title-heading-left\" style=\"margin:0;font-size:1em;\">Fragen Sie uns nach weiteren Informationen f\u00fcr Gesch\u00e4ftsanfragen, berufliche M\u00f6glichkeiten oder einfach nur, um mal Hallo zu sagen.<\/h2><\/div><div class=\"fusion-text fusion-text-1\"><p style=\"cursor: text;\">M\u00e1laga, Spanien<br \/>\n+34 692 37 95 35<\/p>\n<\/div><div class=\"fusion-text fusion-text-2\"><p style=\"cursor: text;\">Schweiz<br \/>\n+41 76 5371084<\/p>\n<\/div><div class=\"fusion-text fusion-text-3\"><p style=\"cursor: text;\">hola@indigorec.es<\/p>\n<\/div><\/div><\/div><div class=\"fusion-layout-column fusion_builder_column fusion-builder-column-1 fusion_builder_column_1_2 1_2 fusion-flex-column fusion-animated\" style=\"--awb-bg-size:cover;--awb-width-large:50%;--awb-margin-top-large:30px;--awb-spacing-right-large:3.84%;--awb-margin-bottom-large:20px;--awb-spacing-left-large:3.84%;--awb-width-medium:50%;--awb-order-medium:0;--awb-spacing-right-medium:3.84%;--awb-spacing-left-medium:3.84%;--awb-width-small:100%;--awb-order-small:0;--awb-margin-top-small:0px;--awb-spacing-right-small:1.92%;--awb-spacing-left-small:1.92%;\" data-animationType=\"fadeInDown\" data-animationDuration=\"1.5\" data-animationOffset=\"top-into-view\"><div class=\"fusion-column-wrapper fusion-column-has-shadow fusion-flex-justify-content-flex-start fusion-content-layout-column\"><div class=\"fusion-form fusion-form-builder fusion-form-form-wrapper fusion-form-4212 has-icon-alignment\" style=\"--awb-tooltip-text-color:#ffffff;--awb-tooltip-background-color:#333333;--awb-field-margin-bottom:5px;--awb-form-font-size:15px;--awb-form-border-width-top:0px;--awb-form-border-width-bottom:1px;--awb-form-border-width-right:0px;--awb-form-border-width-left:0px;--awb-form-border-color:var(--awb-color8);--awb-form-focus-border-color:var(--awb-color7);--awb-form-focus-border-hover-color:hsla(var(--awb-color7-h),var(--awb-color7-s),var(--awb-color7-l),calc(var(--awb-color7-a) - 50%));--awb-icon-alignment-top:0px;--awb-icon-alignment-bottom:1px;--awb-icon-alignment-font-size:15px;\" data-form-id=\"4212\" data-config=\"{&quot;form_id&quot;:4212,&quot;form_post_id&quot;:4212,&quot;post_id&quot;:4033,&quot;form_type&quot;:&quot;ajax&quot;,&quot;confirmation_type&quot;:&quot;message&quot;,&quot;redirect_url&quot;:&quot;&quot;,&quot;field_labels&quot;:{&quot;nombre&quot;:&quot;&quot;,&quot;email&quot;:&quot;&quot;,&quot;asunto&quot;:&quot;&quot;,&quot;mensaje&quot;:&quot;&quot;},&quot;field_logics&quot;:{&quot;nombre&quot;:&quot;&quot;,&quot;email&quot;:&quot;&quot;,&quot;asunto&quot;:&quot;&quot;,&quot;mensaje&quot;:&quot;&quot;,&quot;notice_1&quot;:&quot;&quot;},&quot;field_types&quot;:{&quot;nombre&quot;:&quot;text&quot;,&quot;email&quot;:&quot;email&quot;,&quot;asunto&quot;:&quot;text&quot;,&quot;mensaje&quot;:&quot;textarea&quot;,&quot;submit_1&quot;:&quot;submit&quot;,&quot;notice_1&quot;:&quot;notice&quot;},&quot;nonce_method&quot;:&quot;ajax&quot;}\"><form action=\"https:\/\/indigorec.es\/de\/kontakt\/\" method=\"post\" class=\"fusion-form fusion-form-4212\"><div class=\"fusion-fullwidth fullwidth-box fusion-builder-row-1-1 fusion-flex-container has-pattern-background has-mask-background nonhundred-percent-fullwidth non-hundred-percent-height-scrolling\" style=\"--awb-border-radius-top-left:0px;--awb-border-radius-top-right:0px;--awb-border-radius-bottom-right:0px;--awb-border-radius-bottom-left:0px;--awb-flex-wrap:wrap;\" ><div class=\"fusion-builder-row fusion-row fusion-flex-align-items-flex-start fusion-flex-content-wrap\" style=\"width:104% !important;max-width:104% !important;margin-left: calc(-4% \/ 2 );margin-right: calc(-4% \/ 2 );\"><div class=\"fusion-layout-column fusion_builder_column fusion-builder-column-2 fusion_builder_column_1_1 1_1 fusion-flex-column\" style=\"--awb-bg-size:cover;--awb-width-large:100%;--awb-margin-top-large:0px;--awb-spacing-right-large:1.92%;--awb-margin-bottom-large:20px;--awb-spacing-left-large:1.92%;--awb-width-medium:100%;--awb-order-medium:0;--awb-spacing-right-medium:1.92%;--awb-spacing-left-medium:1.92%;--awb-width-small:100%;--awb-order-small:0;--awb-spacing-right-small:1.92%;--awb-spacing-left-small:1.92%;\"><div class=\"fusion-column-wrapper fusion-column-has-shadow fusion-flex-justify-content-flex-start fusion-content-layout-column\"><div class=\"fusion-form-field fusion-form-text-field fusion-form-label-above\" style=\"\" data-form-id=\"4212\"><input type=\"text\"  data-empty-notice=\"Este campo es obligatorio\" name=\"nombre\" id=\"nombre\" value=\"\"  class=\"fusion-form-input\" required=\"true\" aria-required=\"true\" placeholder=\"Name*\" data-holds-private-data=\"false\" minlength=\"0\"\/><\/div><div class=\"fusion-form-field fusion-form-email-field fusion-form-label-above\" style=\"\" data-form-id=\"4212\"><input type=\"email\" name=\"email\" id=\"email\" value=\"\"  class=\"fusion-form-input\" required=\"true\" aria-required=\"true\" placeholder=\"Email*\" data-holds-private-data=\"false\"\/><\/div><div class=\"fusion-form-field fusion-form-text-field fusion-form-label-above\" style=\"\" data-form-id=\"4212\"><input type=\"text\"  data-empty-notice=\"Este campo es obligatorio\" name=\"asunto\" id=\"asunto\" value=\"\"  class=\"fusion-form-input\" required=\"true\" aria-required=\"true\" placeholder=\"Betreff*\" data-holds-private-data=\"false\" minlength=\"0\"\/><\/div><div class=\"fusion-form-field fusion-form-textarea-field fusion-form-label-above\" style=\"\" data-form-id=\"4212\"><textarea cols=\"40\"  minlength=\"0\"  rows=\"4\" tabindex=\"\" id=\"mensaje\" name=\"mensaje\" class=\"fusion-form-input\" required=\"true\" aria-required=\"true\" placeholder=\"Wie k\u00f6nnen wir Ihnen helfen?*\" data-holds-private-data=\"false\"><\/textarea><\/div><div class=\"fusion-form-field fusion-form-submit-field fusion-form-label-above\" style=\"\" data-form-id=\"4212\"><div ><button type=\"submit\" class=\"fusion-button button-flat button-medium button-custom fusion-button-default button-1 fusion-button-default-span  form-form-submit button-default\" style=\"--button_accent_color:var(--awb-color1);--button_accent_hover_color:var(--awb-color1);--button_border_hover_color:var(--awb-color1);--button-border-radius-top-left:0px;--button-border-radius-top-right:0px;--button-border-radius-bottom-right:0px;--button-border-radius-bottom-left:0px;--button_gradient_top_color:var(--awb-color8);--button_gradient_bottom_color:var(--awb-color8);--button_gradient_top_color_hover:var(--awb-color3);--button_gradient_bottom_color_hover:var(--awb-color3);--button_typography-font-family:&quot;Helvetica Bold&quot;;--button_typography-font-style:normal;--button_typography-font-weight:400;\" data-form-number=\"4212\" tabindex=\"\"><span class=\"fusion-button-text\">Nachricht senden<\/span><\/button><\/div><\/div><div class=\"form-submission-notices data-notice_1\" id=\"fusion-notices-1\"><div class=\"fusion-alert alert success alert-success fusion-alert-center fusion-form-response fusion-form-response-success awb-alert-native-link-color alert-dismissable awb-alert-close-boxed\" style=\"--awb-margin-top:15px;\" role=\"alert\"><div class=\"fusion-alert-content-wrapper\"><span class=\"alert-icon\"><i class=\"awb-icon-check-circle\" aria-hidden=\"true\"><\/i><\/span><span class=\"fusion-alert-content\">Danke f\u00fcr die Nachricht. Wir werden Ihnen so schnell wie m\u00f6glich antworten.<\/span><\/div><button type=\"button\" class=\"close toggle-alert\" data-dismiss=\"alert\" aria-label=\"Close\">&times;<\/button><\/div><div class=\"fusion-alert alert error alert-danger fusion-alert-center fusion-form-response fusion-form-response-error awb-alert-native-link-color alert-dismissable awb-alert-close-boxed\" style=\"--awb-margin-top:15px;\" role=\"alert\"><div class=\"fusion-alert-content-wrapper\"><span class=\"alert-icon\"><i class=\"awb-icon-exclamation-triangle\" aria-hidden=\"true\"><\/i><\/span><span class=\"fusion-alert-content\">Ein Fehler ist aufgetreten. Bitte versuchen Sie es sp\u00e4ter noch einmal.<\/span><\/div><button type=\"button\" class=\"close toggle-alert\" data-dismiss=\"alert\" aria-label=\"Close\">&times;<\/button><\/div><\/div><\/div><\/div><\/div><\/div><\/form><\/div><\/div><\/div><div class=\"fusion-layout-column fusion_builder_column fusion-builder-column-3 fusion_builder_column_1_1 1_1 fusion-flex-column fusion-no-small-visibility fusion-animated\" style=\"--awb-bg-size:cover;--awb-width-large:100%;--awb-margin-top-large:50px;--awb-spacing-right-large:1.92%;--awb-margin-bottom-large:20px;--awb-spacing-left-large:1.92%;--awb-width-medium:100%;--awb-order-medium:0;--awb-spacing-right-medium:1.92%;--awb-spacing-left-medium:1.92%;--awb-width-small:100%;--awb-order-small:0;--awb-spacing-right-small:1.92%;--awb-spacing-left-small:1.92%;\" data-animationType=\"fadeInDown\" data-animationDuration=\"1.5\" data-animationDelay=\"0.5\" data-animationOffset=\"top-into-view\"><div class=\"fusion-column-wrapper fusion-column-has-shadow fusion-flex-justify-content-flex-start fusion-content-layout-row\"><div class=\"fusion-title title fusion-title-2 fusion-sep-none fusion-title-text fusion-title-size-five\" style=\"--awb-margin-bottom:0px;--awb-link-color:var(--awb-color8);--awb-font-size:20px;\"><h5 class=\"fusion-title-heading title-heading-left\" style=\"margin:0;font-size:1em;\"><a href=\"https:\/\/www.linkedin.com\/in\/coraimamengibar\/\" class=\"awb-custom-text-color awb-custom-text-hover-color\" target=\"_blank\">LINKEDIN<\/a><\/h5><\/div><div class=\"fusion-title title fusion-title-3 fusion-sep-none fusion-title-text fusion-title-size-five\" style=\"--awb-margin-bottom:0px;--awb-margin-left:30px;--awb-link-color:var(--awb-color8);--awb-font-size:20px;\"><h5 class=\"fusion-title-heading title-heading-left\" style=\"margin:0;font-size:1em;\"><a href=\"https:\/\/www.instagram.com\/indigo.rec\/\" class=\"awb-custom-text-color awb-custom-text-hover-color\" target=\"_blank\">INDIGO.REC<\/a><\/h5><\/div><div class=\"fusion-title title fusion-title-4 fusion-sep-none fusion-title-text fusion-title-size-five\" style=\"--awb-margin-bottom:0px;--awb-margin-left:30px;--awb-link-color:var(--awb-color8);--awb-font-size:20px;\"><h5 class=\"fusion-title-heading title-heading-left\" style=\"margin:0;font-size:1em;\"><a href=\"https:\/\/www.instagram.com\/corislife\/\" class=\"awb-custom-text-color awb-custom-text-hover-color\" target=\"_blank\">CORISLIFE<\/a><\/h5><\/div><div class=\"fusion-title title fusion-title-5 fusion-sep-none fusion-title-text fusion-title-size-five\" style=\"--awb-margin-bottom:0px;--awb-margin-left:30px;--awb-link-color:var(--awb-color8);--awb-font-size:20px;\"><h5 class=\"fusion-title-heading title-heading-left\" style=\"margin:0;font-size:1em;\"><a href=\"https:\/\/vimeo.com\/user102010049\" class=\"awb-custom-text-color awb-custom-text-hover-color\" target=\"_blank\">VIMEO<\/a><\/h5><\/div><\/div><\/div><\/div><\/div>\n","protected":false},"excerpt":{"rendered":"","protected":false},"author":1,"featured_media":0,"parent":0,"menu_order":0,"comment_status":"closed","ping_status":"closed","template":"100-width.php","meta":{"footnotes":""},"class_list":["post-4033","page","type-page","status-publish","hentry"],"yoast_head":"<!-- This site is optimized with the Yoast SEO plugin v24.5 - https:\/\/yoast.com\/wordpress\/plugins\/seo\/ -->\n<title>Kontakt &#8226; Indigo Estudio Creativo<\/title>\n<meta name=\"robots\" content=\"index, follow, max-snippet:-1, max-image-preview:large, max-video-preview:-1\" \/>\n<link rel=\"canonical\" href=\"https:\/\/indigorec.es\/de\/kontakt\/\" \/>\n<meta property=\"og:locale\" content=\"de_DE\" \/>\n<meta property=\"og:type\" content=\"article\" \/>\n<meta property=\"og:title\" content=\"Kontakt &#8226; Indigo Estudio Creativo\" \/>\n<meta property=\"og:url\" content=\"https:\/\/indigorec.es\/de\/kontakt\/\" \/>\n<meta property=\"og:site_name\" content=\"Indigo Estudio Creativo\" \/>\n<meta property=\"article:publisher\" content=\"https:\/\/www.instagram.com\/indigo.rec\/\" \/>\n<meta property=\"article:modified_time\" content=\"2024-01-16T09:54:34+00:00\" \/>\n<meta property=\"og:image\" content=\"https:\/\/indigorec.es\/wp-content\/uploads\/2023\/12\/Logo-SEO.webp\" \/>\n\t<meta property=\"og:image:width\" content=\"1200\" \/>\n\t<meta property=\"og:image:height\" content=\"675\" \/>\n\t<meta property=\"og:image:type\" content=\"image\/webp\" \/>\n<meta name=\"twitter:card\" content=\"summary_large_image\" \/>\n<meta name=\"twitter:label1\" content=\"Gesch\u00e4tzte Lesezeit\" \/>\n\t<meta name=\"twitter:data1\" content=\"3\u00a0Minuten\" \/>\n<script type=\"application\/ld+json\" class=\"yoast-schema-graph\">{\"@context\":\"https:\/\/schema.org\",\"@graph\":[{\"@type\":\"WebPage\",\"@id\":\"https:\/\/indigorec.es\/de\/kontakt\/\",\"url\":\"https:\/\/indigorec.es\/de\/kontakt\/\",\"name\":\"Kontakt &#8226; Indigo Estudio Creativo\",\"isPartOf\":{\"@id\":\"https:\/\/indigorec.es\/de\/#website\"},\"datePublished\":\"2023-03-01T11:01:30+00:00\",\"dateModified\":\"2024-01-16T09:54:34+00:00\",\"breadcrumb\":{\"@id\":\"https:\/\/indigorec.es\/de\/kontakt\/#breadcrumb\"},\"inLanguage\":\"de\",\"potentialAction\":[{\"@type\":\"ReadAction\",\"target\":[\"https:\/\/indigorec.es\/de\/kontakt\/\"]}]},{\"@type\":\"BreadcrumbList\",\"@id\":\"https:\/\/indigorec.es\/de\/kontakt\/#breadcrumb\",\"itemListElement\":[{\"@type\":\"ListItem\",\"position\":1,\"name\":\"Portada\",\"item\":\"https:\/\/indigorec.es\/de\/\"},{\"@type\":\"ListItem\",\"position\":2,\"name\":\"Kontakt\"}]},{\"@type\":\"WebSite\",\"@id\":\"https:\/\/indigorec.es\/de\/#website\",\"url\":\"https:\/\/indigorec.es\/de\/\",\"name\":\"Indigo Estudio Creativo\",\"description\":\"Productora Audiovisual\",\"publisher\":{\"@id\":\"https:\/\/indigorec.es\/de\/#organization\"},\"alternateName\":\"Indigo\",\"potentialAction\":[{\"@type\":\"SearchAction\",\"target\":{\"@type\":\"EntryPoint\",\"urlTemplate\":\"https:\/\/indigorec.es\/de\/?s={search_term_string}\"},\"query-input\":{\"@type\":\"PropertyValueSpecification\",\"valueRequired\":true,\"valueName\":\"search_term_string\"}}],\"inLanguage\":\"de\"},{\"@type\":\"Organization\",\"@id\":\"https:\/\/indigorec.es\/de\/#organization\",\"name\":\"Indigo Estudio Creativo\",\"alternateName\":\"Indigo\",\"url\":\"https:\/\/indigorec.es\/de\/\",\"logo\":{\"@type\":\"ImageObject\",\"inLanguage\":\"de\",\"@id\":\"https:\/\/indigorec.es\/de\/#\/schema\/logo\/image\/\",\"url\":\"https:\/\/indigorec.es\/wp-content\/uploads\/2023\/12\/Logo-SEO-Cuadrado.webp\",\"contentUrl\":\"https:\/\/indigorec.es\/wp-content\/uploads\/2023\/12\/Logo-SEO-Cuadrado.webp\",\"width\":675,\"height\":675,\"caption\":\"Indigo Estudio Creativo\"},\"image\":{\"@id\":\"https:\/\/indigorec.es\/de\/#\/schema\/logo\/image\/\"},\"sameAs\":[\"https:\/\/www.instagram.com\/indigo.rec\/\",\"https:\/\/www.instagram.com\/corislife\/\",\"https:\/\/www.linkedin.com\/in\/coraimamengibar\/\"]}]}<\/script>\n<!-- \/ Yoast SEO plugin. -->","yoast_head_json":{"title":"Kontakt &#8226; Indigo Estudio Creativo","robots":{"index":"index","follow":"follow","max-snippet":"max-snippet:-1","max-image-preview":"max-image-preview:large","max-video-preview":"max-video-preview:-1"},"canonical":"https:\/\/indigorec.es\/de\/kontakt\/","og_locale":"de_DE","og_type":"article","og_title":"Kontakt &#8226; Indigo Estudio Creativo","og_url":"https:\/\/indigorec.es\/de\/kontakt\/","og_site_name":"Indigo Estudio Creativo","article_publisher":"https:\/\/www.instagram.com\/indigo.rec\/","article_modified_time":"2024-01-16T09:54:34+00:00","og_image":[{"width":1200,"height":675,"url":"https:\/\/indigorec.es\/wp-content\/uploads\/2023\/12\/Logo-SEO.webp","type":"image\/webp"}],"twitter_card":"summary_large_image","twitter_misc":{"Gesch\u00e4tzte Lesezeit":"3\u00a0Minuten"},"schema":{"@context":"https:\/\/schema.org","@graph":[{"@type":"WebPage","@id":"https:\/\/indigorec.es\/de\/kontakt\/","url":"https:\/\/indigorec.es\/de\/kontakt\/","name":"Kontakt &#8226; Indigo Estudio Creativo","isPartOf":{"@id":"https:\/\/indigorec.es\/de\/#website"},"datePublished":"2023-03-01T11:01:30+00:00","dateModified":"2024-01-16T09:54:34+00:00","breadcrumb":{"@id":"https:\/\/indigorec.es\/de\/kontakt\/#breadcrumb"},"inLanguage":"de","potentialAction":[{"@type":"ReadAction","target":["https:\/\/indigorec.es\/de\/kontakt\/"]}]},{"@type":"BreadcrumbList","@id":"https:\/\/indigorec.es\/de\/kontakt\/#breadcrumb","itemListElement":[{"@type":"ListItem","position":1,"name":"Portada","item":"https:\/\/indigorec.es\/de\/"},{"@type":"ListItem","position":2,"name":"Kontakt"}]},{"@type":"WebSite","@id":"https:\/\/indigorec.es\/de\/#website","url":"https:\/\/indigorec.es\/de\/","name":"Indigo Estudio Creativo","description":"Productora Audiovisual","publisher":{"@id":"https:\/\/indigorec.es\/de\/#organization"},"alternateName":"Indigo","potentialAction":[{"@type":"SearchAction","target":{"@type":"EntryPoint","urlTemplate":"https:\/\/indigorec.es\/de\/?s={search_term_string}"},"query-input":{"@type":"PropertyValueSpecification","valueRequired":true,"valueName":"search_term_string"}}],"inLanguage":"de"},{"@type":"Organization","@id":"https:\/\/indigorec.es\/de\/#organization","name":"Indigo Estudio Creativo","alternateName":"Indigo","url":"https:\/\/indigorec.es\/de\/","logo":{"@type":"ImageObject","inLanguage":"de","@id":"https:\/\/indigorec.es\/de\/#\/schema\/logo\/image\/","url":"https:\/\/indigorec.es\/wp-content\/uploads\/2023\/12\/Logo-SEO-Cuadrado.webp","contentUrl":"https:\/\/indigorec.es\/wp-content\/uploads\/2023\/12\/Logo-SEO-Cuadrado.webp","width":675,"height":675,"caption":"Indigo Estudio Creativo"},"image":{"@id":"https:\/\/indigorec.es\/de\/#\/schema\/logo\/image\/"},"sameAs":["https:\/\/www.instagram.com\/indigo.rec\/","https:\/\/www.instagram.com\/corislife\/","https:\/\/www.linkedin.com\/in\/coraimamengibar\/"]}]}},"_links":{"self":[{"href":"https:\/\/indigorec.es\/de\/wp-json\/wp\/v2\/pages\/4033","targetHints":{"allow":["GET"]}}],"collection":[{"href":"https:\/\/indigorec.es\/de\/wp-json\/wp\/v2\/pages"}],"about":[{"href":"https:\/\/indigorec.es\/de\/wp-json\/wp\/v2\/types\/page"}],"author":[{"embeddable":true,"href":"https:\/\/indigorec.es\/de\/wp-json\/wp\/v2\/users\/1"}],"replies":[{"embeddable":true,"href":"https:\/\/indigorec.es\/de\/wp-json\/wp\/v2\/comments?post=4033"}],"version-history":[{"count":7,"href":"https:\/\/indigorec.es\/de\/wp-json\/wp\/v2\/pages\/4033\/revisions"}],"predecessor-version":[{"id":4789,"href":"https:\/\/indigorec.es\/de\/wp-json\/wp\/v2\/pages\/4033\/revisions\/4789"}],"wp:attachment":[{"href":"https:\/\/indigorec.es\/de\/wp-json\/wp\/v2\/media?parent=4033"}],"curies":[{"name":"wp","href":"https:\/\/api.w.org\/{rel}","templated":true}]}}