{"id":3725,"date":"2023-04-20T09:23:42","date_gmt":"2023-04-20T09:23:42","guid":{"rendered":"https:\/\/indigorec.es\/aviso-legal\/"},"modified":"2023-11-08T17:54:52","modified_gmt":"2023-11-08T17:54:52","slug":"impressum","status":"publish","type":"page","link":"https:\/\/indigorec.es\/de\/impressum\/","title":{"rendered":"Impressum"},"content":{"rendered":"<div class=\"fusion-fullwidth fullwidth-box fusion-builder-row-1 fusion-flex-container hundred-percent-fullwidth non-hundred-percent-height-scrolling\" style=\"--awb-border-radius-top-left:0px;--awb-border-radius-top-right:0px;--awb-border-radius-bottom-right:0px;--awb-border-radius-bottom-left:0px;--awb-flex-wrap:wrap;\" ><div class=\"fusion-builder-row fusion-row fusion-flex-align-items-flex-start fusion-flex-content-wrap\" style=\"width:104% !important;max-width:104% !important;margin-left: calc(-4% \/ 2 );margin-right: calc(-4% \/ 2 );\"><div class=\"fusion-layout-column fusion_builder_column fusion-builder-column-0 fusion_builder_column_1_1 1_1 fusion-flex-column\" style=\"--awb-bg-blend:overlay;--awb-bg-size:cover;--awb-width-large:100%;--awb-margin-top-large:0px;--awb-spacing-right-large:1.92%;--awb-margin-bottom-large:0px;--awb-spacing-left-large:1.92%;--awb-width-medium:100%;--awb-spacing-right-medium:1.92%;--awb-spacing-left-medium:1.92%;--awb-width-small:100%;--awb-spacing-right-small:1.92%;--awb-spacing-left-small:1.92%;\"><div class=\"fusion-column-wrapper fusion-flex-justify-content-flex-start fusion-content-layout-column\"><div class=\"fusion-text fusion-text-1\"><\/p>\n<h2 class=\"wp-block-heading\" style=\"--fontsize: 42; line-height: 1; cursor: text;\" data-fontsize=\"42\" data-lineheight=\"42px\">Impressum.<\/h2><\/p>\n<\/div><div class=\"fusion-text fusion-text-2\" style=\"--awb-margin-top:-50px;\"><header class=\"text-center\">\n<h4 data-fontsize=\"28.43\" style=\"--fontSize: 28.43; line-height: 1; cursor: text;\" data-lineheight=\"28.43px\" class=\"fusion-responsive-typography-calculated\">I. ALLGEMEINE INFORMATIONEN<\/h4>\n<\/header>\n<div style=\"cursor: text;\">\n<p>In \u00dcbereinstimmung mit der Informationspflicht gem\u00e4\u00df Gesetz 34\/2002 \u00fcber Dienste der Informationsgesellschaft und elektronischen Handel (LSSI-CE) vom 11. Juli werden auf dieser Website die folgenden allgemeinen Informationsdaten bereitgestellt:<\/p>\n<p>Das Eigentum an dieser Website, https:\/\/indigorec.es, (im Folgenden \u201eWebsite\u201c) liegt bei: Coraima Mengibar, mit NIF: 76881838-Z, und deren Kontaktinformationen sind:<\/p>\n<p>Adresse: C\/ Cristobalina Fernandez 11, 29590 M\u00e1laga<\/p>\n<p>Kontakttelefonnummer: 692379535<\/p>\n<p>Kontakt-E-Mail: coraimamengibar@gmail.com<\/p>\n<h4 data-fontsize=\"28.43\" style=\"--fontSize: 28.43; line-height: 1; cursor: text;\" data-lineheight=\"28.43px\" class=\"fusion-responsive-typography-calculated\">II. ALLGEMEINE NUTZUNGSBEDINGUNGEN<\/h4>\n<h5 data-fontsize=\"18\" style=\"--fontSize: 18; line-height: 1; --minFontSize: 18; cursor: text;\" data-lineheight=\"18px\" class=\"fusion-responsive-typography-calculated\">Gegenstand der Bedingungen: Die Website<\/h5>\n<p>Der Zweck dieser Allgemeinen Nutzungsbedingungen (im Folgenden \u201eBedingungen\u201c) besteht darin, den Zugang und die Nutzung der Website zu regeln. F\u00fcr die Zwecke dieser Bedingungen wird unter der Website Folgendes verstanden: das \u00e4u\u00dfere Erscheinungsbild der Bildschirmoberfl\u00e4chen, sowohl statisch als auch dynamisch, d. h. der Navigationsbaum; und alle Elemente, die sowohl in den Bildschirmoberfl\u00e4chen als auch im Navigationsbaum integriert sind (im Folgenden \u201eInhalte\u201c), sowie alle Online-Dienste oder -Ressourcen, die es den Benutzern anbietet (im Folgenden \u201eDienste\u201c).<\/p>\n<p>Indigo beh\u00e4lt sich das Recht vor, jederzeit und ohne vorherige Ank\u00fcndigung die Darstellung und Konfiguration der Website sowie der darin enthaltenen Inhalte und Dienste zu \u00e4ndern. Der Benutzer erkennt an und akzeptiert, dass Indigo jederzeit alle diese Elemente, die in die Website integriert sind, oder den Zugriff darauf unterbrechen, deaktivieren und\/oder stornieren kann.<\/p>\n<p>Der Zugriff auf die Website durch den Benutzer ist kostenlos und in der Regel kostenlos, ohne dass der Benutzer eine Entsch\u00e4digung leisten muss, um sie nutzen zu k\u00f6nnen, mit Ausnahme der Kosten f\u00fcr die Verbindung \u00fcber das durch den Zugriff bereitgestellte Telekommunikationsnetz Anbieter, den der Nutzer beauftragt hat.<\/p>\n<p>F\u00fcr die Nutzung der Inhalte ist kein vorheriges Abonnement oder keine Registrierung erforderlich.<\/p>\n<h5 data-fontsize=\"18\" style=\"--fontSize: 18; line-height: 1; --minFontSize: 18; cursor: text;\" data-lineheight=\"18px\" class=\"fusion-responsive-typography-calculated\">Der Benutzer<\/h5>\n<p>Durch den Zugriff, die Navigation und die Nutzung der Website erhalten Sie den Status eines Benutzers. Sie akzeptieren daher ab dem Moment, in dem Sie mit dem Surfen auf der Website beginnen, alle hier festgelegten Bedingungen sowie deren sp\u00e4tere \u00c4nderungen, unbeschadet der Anwendung der entsprechenden zwingenden gesetzlichen Bestimmungen Regelungen je nach Einzelfall. Angesichts der Relevanz der oben genannten Punkte wird dem Benutzer empfohlen, diese bei jedem Besuch der Website zu lesen.<\/p>\n<p>Die Indigo-Website bietet eine Vielzahl von Informationen, Diensten und Daten. Der Nutzer \u00fcbernimmt die Verantwortung f\u00fcr die korrekte Nutzung der Website. Diese Verantwortung erstreckt sich auf:<\/p>\n<p>Eine Nutzung der von Indigo angebotenen Informationen, Inhalte und\/oder Dienste und Daten, ohne dass dies gegen die Bestimmungen dieser Bedingungen, das Gesetz, die guten Sitten oder die \u00f6ffentliche Ordnung verst\u00f6\u00dft oder auf andere Weise eine Verletzung von Rechten Dritter zur Folge hat oder der Betrieb der Website selbst.<\/p>\n<p>Die Richtigkeit und Rechtm\u00e4\u00dfigkeit der vom Benutzer in den von Indigo herausgegebenen Formularen f\u00fcr den Zugriff auf bestimmte auf der Website angebotenen Inhalte oder Dienste bereitgestellten Informationen. In jedem Fall wird der Benutzer Indigo unverz\u00fcglich \u00fcber alle Tatsachen informieren, die eine missbr\u00e4uchliche Verwendung der in diesen Formularen registrierten Informationen erm\u00f6glichen, wie z. B., aber nicht nur, Diebstahl, Verlust oder unbefugten Zugriff auf Identifikatoren und\/oder Passw\u00f6rter zu ihrer sofortigen Aufhebung \u00fcberzugehen.<\/p>\n<p>Der blo\u00dfe Zugriff auf diese Website bedeutet nicht, dass irgendeine Art von Gesch\u00e4ftsbeziehung zwischen Indigo und dem Benutzer begr\u00fcndet wird.<\/p>\n<p>Diese Indigo-Website steht stets im Einklang mit der geltenden Gesetzgebung und richtet sich an alle Personen, unabh\u00e4ngig vom Alter, die auf die Seiten der Website zugreifen und\/oder darin navigieren k\u00f6nnen.<\/p>\n<h4 data-fontsize=\"28.43\" style=\"--fontSize: 28.43; line-height: 1; cursor: text;\" data-lineheight=\"28.43px\" class=\"fusion-responsive-typography-calculated\">III. ZUGRIFF UND NAVIGATION AUF DER WEBSITE: AUSSCHLUSS VON GEW\u00c4HRLEISTUNGEN UND HAFTUNG<\/h4>\n<p>Indigo \u00fcbernimmt keine Garantie f\u00fcr die Kontinuit\u00e4t, Verf\u00fcgbarkeit und N\u00fctzlichkeit der Website oder der Inhalte oder Dienste. Indigo unternimmt alle Anstrengungen, um das ordnungsgem\u00e4\u00dfe Funktionieren der Website sicherzustellen. Es \u00fcbernimmt jedoch keine Verantwortung und Garantie daf\u00fcr, dass der Zugriff auf diese Website nicht ununterbrochen oder fehlerfrei erfolgt.<\/p>\n<p>Es \u00fcbernimmt auch keine Verantwortung oder Garantie daf\u00fcr, dass der Inhalt oder die Software, auf die \u00fcber diese Website zugegriffen werden kann, fehlerfrei ist oder Sch\u00e4den am Computersystem (Software und Hardware) des Benutzers verursacht. Indigo haftet in keinem Fall f\u00fcr Verluste, Sch\u00e4den oder Verluste jeglicher Art, die sich aus dem Zugriff, der Navigation und der Nutzung der Website ergeben, einschlie\u00dflich, aber nicht beschr\u00e4nkt auf solche, die an Computersystemen oder durch die Einf\u00fchrung von Viren verursacht werden.<\/p>\n<p>Indigo haftet au\u00dferdem nicht f\u00fcr Sch\u00e4den, die Benutzern durch unsachgem\u00e4\u00dfe Nutzung dieser Website entstehen. Insbesondere ist sie in keiner Weise f\u00fcr etwaige Ausf\u00e4lle, Unterbrechungen, Ausf\u00e4lle oder Defekte der Telekommunikation verantwortlich.<\/p>\n<h4 data-fontsize=\"28.43\" style=\"--fontSize: 28.43; line-height: 1; cursor: text;\" data-lineheight=\"28.43px\" class=\"fusion-responsive-typography-calculated\">IV. LINK-RICHTLINIE<\/h4>\n<p>Es wird berichtet, dass die Indigo-Website den Benutzern Linkmittel (wie unter anderem Links, Banner, Schaltfl\u00e4chen), Verzeichnisse und Suchmaschinen zur Verf\u00fcgung stellt oder zur Verf\u00fcgung stellen kann, die es Benutzern erm\u00f6glichen, auf Websites zuzugreifen, die Dritten geh\u00f6ren und\/oder von diesen verwaltet werden .<\/p>\n<p>Die Installation dieser Links, Verzeichnisse und Suchmaschinen auf der Website soll den Benutzern die Suche nach und den Zugriff auf die im Internet verf\u00fcgbaren Informationen erleichtern, ohne dass dies als Vorschlag, Empfehlung oder Einladung zum Besuch dieser Websites zu verstehen ist.<\/p>\n<p>Indigo bietet oder vermarktet weder selbst noch \u00fcber Dritte die auf den verlinkten Websites verf\u00fcgbaren Produkte und\/oder Dienstleistungen.<\/p>\n<p>Ebenso \u00fcbernimmt sie keine Gew\u00e4hr f\u00fcr die technische Verf\u00fcgbarkeit, Genauigkeit, Wahrhaftigkeit, G\u00fcltigkeit oder Rechtm\u00e4\u00dfigkeit anderer Websites als ihrem Eigentum, auf die \u00fcber die Links zugegriffen werden kann.<\/p>\n<p>Indigo \u00fcberpr\u00fcft oder kontrolliert unter keinen Umst\u00e4nden den Inhalt anderer Websites und genehmigt, pr\u00fcft oder bef\u00fcrwortet auch nicht die Produkte und Dienstleistungen, Inhalte, Dateien und sonstiges Material, das auf den oben genannten verlinkten Websites vorhanden ist.<\/p>\n<p>Indigo \u00fcbernimmt keine Verantwortung f\u00fcr Sch\u00e4den, die durch den Zugriff, die Nutzung, die Qualit\u00e4t oder die Rechtm\u00e4\u00dfigkeit der Inhalte, Mitteilungen, Meinungen, Produkte und Dienstleistungen von Websites entstehen, die nicht von Indigo verwaltet werden und auf die auf dieser Website verlinkt ist.<\/p>\n<p>Der Benutzer oder Dritte, der einen Hyperlink von einer Webseite einer anderen, anderen Website zur Indigo-Website erstellt, muss Folgendes wissen:<\/p>\n<p>Die vollst\u00e4ndige oder teilweise Vervielf\u00e4ltigung der Inhalte und\/oder Dienste der Website ist ohne ausdr\u00fcckliche Genehmigung von Indigo nicht gestattet.<\/p>\n<p>Es sind auch keine falschen, ungenauen oder unrichtigen Angaben zur Indigo-Website oder ihren Inhalten und\/oder Diensten zul\u00e4ssig.<\/p>\n<p>Mit Ausnahme des Hyperlinks enth\u00e4lt die Website, auf der dieser Hyperlink eingerichtet ist, kein Element dieser Website, das durch das spanische Rechtssystem als geistiges Eigentum gesch\u00fctzt ist, es sei denn, Indigo hat dies ausdr\u00fccklich genehmigt.<\/p>\n<p>Die Einrichtung des Hyperlinks impliziert weder das Bestehen einer Beziehung zwischen Indigo und dem Eigent\u00fcmer der Website, von der aus er erstellt wurde, noch die Kenntnis und Akzeptanz der auf dieser Website angebotenen Inhalte, Dienste und\/oder Aktivit\u00e4ten durch Indigo und umgekehrt.<\/p>\n<h4 data-fontsize=\"28.43\" style=\"--fontSize: 28.43; line-height: 1; cursor: text;\" data-lineheight=\"28.43px\" class=\"fusion-responsive-typography-calculated\">V. GEISTIGES UND INDUSTRIELLES EIGENTUM<\/h4>\n<p>Indigo selbst oder als Rechtsnachfolger ist Eigent\u00fcmer aller geistigen und gewerblichen Eigentumsrechte der Website sowie der darin enthaltenen Elemente (beispielsweise und nicht ersch\u00f6pfend: Bilder, Ton, Audio, Video, Software oder Texte, Marken). oder Logos, Farbkombinationen, Struktur und Design, Auswahl der verwendeten Materialien, f\u00fcr den Betrieb erforderliche Computerprogramme, Zugang und Nutzung usw.). Es handelt sich daher um Werke, die durch das spanische Rechtssystem als geistiges Eigentum gesch\u00fctzt sind, wobei sowohl die spanischen als auch die gemeinschaftlichen Vorschriften in diesem Bereich sowie die damit verbundenen und von Spanien unterzeichneten internationalen Vertr\u00e4ge auf sie anwendbar sind.<\/p>\n<p>Alle Rechte vorbehalten. Aufgrund der Bestimmungen des Gesetzes \u00fcber geistiges Eigentum ist die Vervielf\u00e4ltigung, Verbreitung und \u00f6ffentliche Kommunikation, einschlie\u00dflich der Art der Zug\u00e4nglichmachung, aller oder eines Teils der Inhalte dieser Website zu kommerziellen Zwecken ausdr\u00fccklich untersagt. auf jedem Medium und durch jegliche technische Mittel, ohne die Genehmigung von Indigo.<\/p>\n<p>Der Benutzer verpflichtet sich, die geistigen und gewerblichen Eigentumsrechte von Indigo zu respektieren. Sie d\u00fcrfen die Elemente der Website ansehen oder sie sogar ausdrucken, kopieren und auf der Festplatte Ihres Computers oder einem anderen physischen Medium speichern, sofern dies ausschlie\u00dflich f\u00fcr Ihren pers\u00f6nlichen Gebrauch bestimmt ist. Der Nutzer darf jedoch keine auf der Website installierten Schutzvorrichtungen oder Sicherheitssysteme l\u00f6schen, ver\u00e4ndern oder manipulieren.<\/p>\n<p>F\u00fcr den Fall, dass der Benutzer oder Dritte der Ansicht sind, dass Inhalte der Website eine Verletzung der Rechte zum Schutz des geistigen Eigentums darstellen, m\u00fcssen sie Indigo unverz\u00fcglich \u00fcber die Kontaktinformationen im Abschnitt ALLGEMEINE INFORMATIONEN dieser Mitteilung benachrichtigen. Rechtliche und allgemeine Bedingungen von Nutzen.<\/p>\n<h4 data-fontsize=\"28.43\" style=\"--fontSize: 28.43; line-height: 1; cursor: text;\" data-lineheight=\"28.43px\" class=\"fusion-responsive-typography-calculated\">VI. RECHTLICHE MASSNAHMEN, ANWENDBARES RECHT UND GERICHTSSTAND<\/h4>\n<p>Indigo beh\u00e4lt sich das Recht vor, zivil- oder strafrechtliche Schritte einzuleiten, wenn es dies f\u00fcr notwendig erachtet, wenn die Website und deren Inhalte missbr\u00e4uchlich genutzt werden oder diese Bedingungen nicht eingehalten werden.<\/p>\n<p>Die Beziehung zwischen dem Benutzer und Indigo unterliegt den auf spanischem Gebiet geltenden und anwendbaren Vorschriften. Sollte es zu Meinungsverschiedenheiten in Bezug auf die Auslegung und\/oder Anwendung dieser Bedingungen kommen, unterwerfen die Parteien ihre Konflikte der ordentlichen Gerichtsbarkeit und unterbreiten sie den entsprechenden Richtern und Gerichten im Einklang mit dem Gesetz.<\/p>\n<\/div>\n<\/div><\/div><\/div><\/div><\/div>","protected":false},"excerpt":{"rendered":"","protected":false},"author":1,"featured_media":0,"parent":0,"menu_order":0,"comment_status":"closed","ping_status":"closed","template":"100-width.php","meta":{"footnotes":""},"class_list":["post-3725","page","type-page","status-publish","hentry"],"yoast_head":"<!-- This site is optimized with the Yoast SEO plugin v24.5 - https:\/\/yoast.com\/wordpress\/plugins\/seo\/ -->\n<title>Impressum &#8226; Indigo Estudio Creativo<\/title>\n<meta name=\"robots\" content=\"index, follow, max-snippet:-1, max-image-preview:large, max-video-preview:-1\" \/>\n<link rel=\"canonical\" href=\"https:\/\/indigorec.es\/de\/impressum\/\" \/>\n<meta property=\"og:locale\" content=\"de_DE\" \/>\n<meta property=\"og:type\" content=\"article\" \/>\n<meta property=\"og:title\" content=\"Impressum &#8226; Indigo Estudio Creativo\" \/>\n<meta property=\"og:url\" content=\"https:\/\/indigorec.es\/de\/impressum\/\" \/>\n<meta property=\"og:site_name\" content=\"Indigo Estudio Creativo\" \/>\n<meta property=\"article:publisher\" content=\"https:\/\/www.instagram.com\/indigo.rec\/\" \/>\n<meta property=\"article:modified_time\" content=\"2023-11-08T17:54:52+00:00\" \/>\n<meta property=\"og:image\" content=\"https:\/\/indigorec.es\/wp-content\/uploads\/2023\/12\/Logo-SEO.webp\" \/>\n\t<meta property=\"og:image:width\" content=\"1200\" \/>\n\t<meta property=\"og:image:height\" content=\"675\" \/>\n\t<meta property=\"og:image:type\" content=\"image\/webp\" \/>\n<meta name=\"twitter:card\" content=\"summary_large_image\" \/>\n<meta name=\"twitter:label1\" content=\"Gesch\u00e4tzte Lesezeit\" \/>\n\t<meta name=\"twitter:data1\" content=\"8\u00a0Minuten\" \/>\n<script type=\"application\/ld+json\" class=\"yoast-schema-graph\">{\"@context\":\"https:\/\/schema.org\",\"@graph\":[{\"@type\":\"WebPage\",\"@id\":\"https:\/\/indigorec.es\/de\/impressum\/\",\"url\":\"https:\/\/indigorec.es\/de\/impressum\/\",\"name\":\"Impressum &#8226; Indigo Estudio Creativo\",\"isPartOf\":{\"@id\":\"https:\/\/indigorec.es\/de\/#website\"},\"datePublished\":\"2023-04-20T09:23:42+00:00\",\"dateModified\":\"2023-11-08T17:54:52+00:00\",\"breadcrumb\":{\"@id\":\"https:\/\/indigorec.es\/de\/impressum\/#breadcrumb\"},\"inLanguage\":\"de\",\"potentialAction\":[{\"@type\":\"ReadAction\",\"target\":[\"https:\/\/indigorec.es\/de\/impressum\/\"]}]},{\"@type\":\"BreadcrumbList\",\"@id\":\"https:\/\/indigorec.es\/de\/impressum\/#breadcrumb\",\"itemListElement\":[{\"@type\":\"ListItem\",\"position\":1,\"name\":\"Portada\",\"item\":\"https:\/\/indigorec.es\/de\/\"},{\"@type\":\"ListItem\",\"position\":2,\"name\":\"Impressum\"}]},{\"@type\":\"WebSite\",\"@id\":\"https:\/\/indigorec.es\/de\/#website\",\"url\":\"https:\/\/indigorec.es\/de\/\",\"name\":\"Indigo Estudio Creativo\",\"description\":\"Productora Audiovisual\",\"publisher\":{\"@id\":\"https:\/\/indigorec.es\/de\/#organization\"},\"alternateName\":\"Indigo\",\"potentialAction\":[{\"@type\":\"SearchAction\",\"target\":{\"@type\":\"EntryPoint\",\"urlTemplate\":\"https:\/\/indigorec.es\/de\/?s={search_term_string}\"},\"query-input\":{\"@type\":\"PropertyValueSpecification\",\"valueRequired\":true,\"valueName\":\"search_term_string\"}}],\"inLanguage\":\"de\"},{\"@type\":\"Organization\",\"@id\":\"https:\/\/indigorec.es\/de\/#organization\",\"name\":\"Indigo Estudio Creativo\",\"alternateName\":\"Indigo\",\"url\":\"https:\/\/indigorec.es\/de\/\",\"logo\":{\"@type\":\"ImageObject\",\"inLanguage\":\"de\",\"@id\":\"https:\/\/indigorec.es\/de\/#\/schema\/logo\/image\/\",\"url\":\"https:\/\/indigorec.es\/wp-content\/uploads\/2023\/12\/Logo-SEO-Cuadrado.webp\",\"contentUrl\":\"https:\/\/indigorec.es\/wp-content\/uploads\/2023\/12\/Logo-SEO-Cuadrado.webp\",\"width\":675,\"height\":675,\"caption\":\"Indigo Estudio Creativo\"},\"image\":{\"@id\":\"https:\/\/indigorec.es\/de\/#\/schema\/logo\/image\/\"},\"sameAs\":[\"https:\/\/www.instagram.com\/indigo.rec\/\",\"https:\/\/www.instagram.com\/corislife\/\",\"https:\/\/www.linkedin.com\/in\/coraimamengibar\/\"]}]}<\/script>\n<!-- \/ Yoast SEO plugin. -->","yoast_head_json":{"title":"Impressum &#8226; Indigo Estudio Creativo","robots":{"index":"index","follow":"follow","max-snippet":"max-snippet:-1","max-image-preview":"max-image-preview:large","max-video-preview":"max-video-preview:-1"},"canonical":"https:\/\/indigorec.es\/de\/impressum\/","og_locale":"de_DE","og_type":"article","og_title":"Impressum &#8226; Indigo Estudio Creativo","og_url":"https:\/\/indigorec.es\/de\/impressum\/","og_site_name":"Indigo Estudio Creativo","article_publisher":"https:\/\/www.instagram.com\/indigo.rec\/","article_modified_time":"2023-11-08T17:54:52+00:00","og_image":[{"width":1200,"height":675,"url":"https:\/\/indigorec.es\/wp-content\/uploads\/2023\/12\/Logo-SEO.webp","type":"image\/webp"}],"twitter_card":"summary_large_image","twitter_misc":{"Gesch\u00e4tzte Lesezeit":"8\u00a0Minuten"},"schema":{"@context":"https:\/\/schema.org","@graph":[{"@type":"WebPage","@id":"https:\/\/indigorec.es\/de\/impressum\/","url":"https:\/\/indigorec.es\/de\/impressum\/","name":"Impressum &#8226; Indigo Estudio Creativo","isPartOf":{"@id":"https:\/\/indigorec.es\/de\/#website"},"datePublished":"2023-04-20T09:23:42+00:00","dateModified":"2023-11-08T17:54:52+00:00","breadcrumb":{"@id":"https:\/\/indigorec.es\/de\/impressum\/#breadcrumb"},"inLanguage":"de","potentialAction":[{"@type":"ReadAction","target":["https:\/\/indigorec.es\/de\/impressum\/"]}]},{"@type":"BreadcrumbList","@id":"https:\/\/indigorec.es\/de\/impressum\/#breadcrumb","itemListElement":[{"@type":"ListItem","position":1,"name":"Portada","item":"https:\/\/indigorec.es\/de\/"},{"@type":"ListItem","position":2,"name":"Impressum"}]},{"@type":"WebSite","@id":"https:\/\/indigorec.es\/de\/#website","url":"https:\/\/indigorec.es\/de\/","name":"Indigo Estudio Creativo","description":"Productora Audiovisual","publisher":{"@id":"https:\/\/indigorec.es\/de\/#organization"},"alternateName":"Indigo","potentialAction":[{"@type":"SearchAction","target":{"@type":"EntryPoint","urlTemplate":"https:\/\/indigorec.es\/de\/?s={search_term_string}"},"query-input":{"@type":"PropertyValueSpecification","valueRequired":true,"valueName":"search_term_string"}}],"inLanguage":"de"},{"@type":"Organization","@id":"https:\/\/indigorec.es\/de\/#organization","name":"Indigo Estudio Creativo","alternateName":"Indigo","url":"https:\/\/indigorec.es\/de\/","logo":{"@type":"ImageObject","inLanguage":"de","@id":"https:\/\/indigorec.es\/de\/#\/schema\/logo\/image\/","url":"https:\/\/indigorec.es\/wp-content\/uploads\/2023\/12\/Logo-SEO-Cuadrado.webp","contentUrl":"https:\/\/indigorec.es\/wp-content\/uploads\/2023\/12\/Logo-SEO-Cuadrado.webp","width":675,"height":675,"caption":"Indigo Estudio Creativo"},"image":{"@id":"https:\/\/indigorec.es\/de\/#\/schema\/logo\/image\/"},"sameAs":["https:\/\/www.instagram.com\/indigo.rec\/","https:\/\/www.instagram.com\/corislife\/","https:\/\/www.linkedin.com\/in\/coraimamengibar\/"]}]}},"_links":{"self":[{"href":"https:\/\/indigorec.es\/de\/wp-json\/wp\/v2\/pages\/3725","targetHints":{"allow":["GET"]}}],"collection":[{"href":"https:\/\/indigorec.es\/de\/wp-json\/wp\/v2\/pages"}],"about":[{"href":"https:\/\/indigorec.es\/de\/wp-json\/wp\/v2\/types\/page"}],"author":[{"embeddable":true,"href":"https:\/\/indigorec.es\/de\/wp-json\/wp\/v2\/users\/1"}],"replies":[{"embeddable":true,"href":"https:\/\/indigorec.es\/de\/wp-json\/wp\/v2\/comments?post=3725"}],"version-history":[{"count":3,"href":"https:\/\/indigorec.es\/de\/wp-json\/wp\/v2\/pages\/3725\/revisions"}],"predecessor-version":[{"id":4231,"href":"https:\/\/indigorec.es\/de\/wp-json\/wp\/v2\/pages\/3725\/revisions\/4231"}],"wp:attachment":[{"href":"https:\/\/indigorec.es\/de\/wp-json\/wp\/v2\/media?parent=3725"}],"curies":[{"name":"wp","href":"https:\/\/api.w.org\/{rel}","templated":true}]}}